{"id":4340,"date":"2024-04-30T11:15:04","date_gmt":"2024-04-30T08:15:04","guid":{"rendered":"http:\/\/therapeia-yhteiso.fi\/yhdistys\/?page_id=4340"},"modified":"2025-12-02T11:14:54","modified_gmt":"2025-12-02T09:14:54","slug":"liity-jaseneksi","status":"publish","type":"page","link":"https:\/\/therapeia-yhteiso.fi\/yhdistys\/liity-jaseneksi\/","title":{"rendered":"Liity j\u00e4seneksi"},"content":{"rendered":"\n<div class=\"wp-block-columns is-style-narrow is-layout-flex wp-container-core-columns-is-layout-9d6595d7 wp-block-columns-is-layout-flex\">\n<div class=\"wp-block-column is-layout-flow wp-block-column-is-layout-flow\">\n<h2 class=\"wp-block-heading\"><strong>Kuka voi hakea j\u00e4senyytt\u00e4?<\/strong><\/h2>\n\n\n\n<p>Therapeia-yhdistyksen varsinaista j\u00e4senyytt\u00e4 voi hakea jokainen psykoanalyysist\u00e4 kiinnostunut. Psykoterapeuttisen koulutuksen suorittanut voi hakea joko psykoterapeutti- tai psykoanalyytikkoj\u00e4senyytt\u00e4.<\/p>\n\n\n\n<h3 class=\"wp-block-heading\">J\u00e4senmaksut 2025:<\/h3>\n\n\n\n<p>Yhdistyksen psykoanalyytikko-, psykoterapeutti- ja varsinaiset j\u00e4senet maksavat j\u00e4senmaksuna 85&nbsp;\u20ac\/v. IFPS-j\u00e4senmaksu on 25 \u20ac\/v. &nbsp;El\u00e4kel\u00e4isill\u00e4 on alennettu j\u00e4senmaksu erillisest\u00e4 hakemuksesta kalenterivuoden alusta.<\/p>\n\n\n\n<p>Therapeia-s\u00e4\u00e4ti\u00f6n Koulutuskeskuksessa opiskelevilla on alennettu j\u00e4senmaksu koulutuksen teoriaosuuden ajan erillisest\u00e4 hakemuksta kalenterivuosittain.<\/p>\n\n\n\n<p>J\u00e4senmaksu sis\u00e4lt\u00e4\u00e4&nbsp;<a href=\"http:\/\/www.psykoterapia-lehti.fi\/\">Psykoterapia-lehden<\/a>&nbsp;vuosikerran.<\/p>\n\n\n\n<p>Hae j\u00e4senyytt\u00e4 oheisella lomakkeella.<\/p>\n\n\n\n<p><em><strong>Tervetuloa mukaan !<\/strong><\/em><\/p>\n<\/div>\n<\/div>\n\n\n\n<div class=\"wp-block-columns is-style-narrow is-layout-flex wp-container-core-columns-is-layout-9d6595d7 wp-block-columns-is-layout-flex\">\n<div class=\"wp-block-column is-layout-flow wp-block-column-is-layout-flow\">\n<h2 class=\"wp-block-heading\">J\u00e4senhakemus<\/h2>\n\n\n<script>\nvar gform;gform||(document.addEventListener(\"gform_main_scripts_loaded\",function(){gform.scriptsLoaded=!0}),document.addEventListener(\"gform\/theme\/scripts_loaded\",function(){gform.themeScriptsLoaded=!0}),window.addEventListener(\"DOMContentLoaded\",function(){gform.domLoaded=!0}),gform={domLoaded:!1,scriptsLoaded:!1,themeScriptsLoaded:!1,isFormEditor:()=>\"function\"==typeof InitializeEditor,callIfLoaded:function(o){return!(!gform.domLoaded||!gform.scriptsLoaded||!gform.themeScriptsLoaded&&!gform.isFormEditor()||(gform.isFormEditor()&&console.warn(\"The use of gform.initializeOnLoaded() is deprecated in the form editor context and will be removed in Gravity Forms 3.1.\"),o(),0))},initializeOnLoaded:function(o){gform.callIfLoaded(o)||(document.addEventListener(\"gform_main_scripts_loaded\",()=>{gform.scriptsLoaded=!0,gform.callIfLoaded(o)}),document.addEventListener(\"gform\/theme\/scripts_loaded\",()=>{gform.themeScriptsLoaded=!0,gform.callIfLoaded(o)}),window.addEventListener(\"DOMContentLoaded\",()=>{gform.domLoaded=!0,gform.callIfLoaded(o)}))},hooks:{action:{},filter:{}},addAction:function(o,r,e,t){gform.addHook(\"action\",o,r,e,t)},addFilter:function(o,r,e,t){gform.addHook(\"filter\",o,r,e,t)},doAction:function(o){gform.doHook(\"action\",o,arguments)},applyFilters:function(o){return gform.doHook(\"filter\",o,arguments)},removeAction:function(o,r){gform.removeHook(\"action\",o,r)},removeFilter:function(o,r,e){gform.removeHook(\"filter\",o,r,e)},addHook:function(o,r,e,t,n){null==gform.hooks[o][r]&&(gform.hooks[o][r]=[]);var d=gform.hooks[o][r];null==n&&(n=r+\"_\"+d.length),gform.hooks[o][r].push({tag:n,callable:e,priority:t=null==t?10:t})},doHook:function(r,o,e){var t;if(e=Array.prototype.slice.call(e,1),null!=gform.hooks[r][o]&&((o=gform.hooks[r][o]).sort(function(o,r){return o.priority-r.priority}),o.forEach(function(o){\"function\"!=typeof(t=o.callable)&&(t=window[t]),\"action\"==r?t.apply(null,e):e[0]=t.apply(null,e)})),\"filter\"==r)return e[0]},removeHook:function(o,r,t,n){var e;null!=gform.hooks[o][r]&&(e=(e=gform.hooks[o][r]).filter(function(o,r,e){return!!(null!=n&&n!=o.tag||null!=t&&t!=o.priority)}),gform.hooks[o][r]=e)}});\n<\/script>\n\n                <div class='gf_browser_gecko gform_wrapper gravity-theme gform-theme--no-framework' data-form-theme='gravity-theme' data-form-index='0' id='gform_wrapper_2' >\n                        <div class='gform_heading'>\n                            <p class='gform_description'><\/p>\n                        <\/div><form method='post' enctype='multipart\/form-data'  id='gform_2'  action='\/yhdistys\/wp-json\/wp\/v2\/pages\/4340' data-formid='2' novalidate>\n                        <div class='gform-body gform_body'><div id='gform_fields_2' class='gform_fields top_label form_sublabel_below description_below validation_below'><div id=\"field_2_5\" class=\"gfield gfield--type-text gfield--input-type-text field_sublabel_below gfield--no-description field_description_below field_validation_below gfield_visibility_visible\"  ><label class='form-label gfield_label gform-field-label' for='input_2_5'>Nimi<\/label><div class='ginput_container ginput_container_text'><input name='input_5' id='input_2_5' type='text' value='' class='form-control form-control-lg'      aria-invalid=\"false\"   \/><\/div><\/div><div id=\"field_2_7\" class=\"gfield gfield--type-date gfield--input-type-date gfield--input-type-datepicker gfield--datepicker-no-icon gfield--width-full field_sublabel_below gfield--no-description field_description_below field_validation_below gfield_visibility_visible\"  ><label class='form-label gfield_label gform-field-label' for='input_2_7'>Syntym\u00e4aika<\/label><div class='ginput_container col ginput_container_date'>\n                            <input name='input_7' id='input_2_7' type='text' value='' class='form-control datepicker gform-datepicker dmy_dot datepicker_no_icon gdatepicker-no-icon'   placeholder='pp.kk.vvvv' aria-describedby=\"input_2_7_date_format\" aria-invalid=\"false\" \/>\n                            <span id='input_2_7_date_format' class='screen-reader-text'>PP dot KK dot VVVV<\/span>\n                        <\/div>\n                        <input type='hidden' id='gforms_calendar_icon_input_2_7' class='gform_hidden' value='https:\/\/therapeia-yhteiso.fi\/yhdistys\/wp-content\/plugins\/gravityforms\/images\/datepicker\/datepicker.svg'\/><\/div><div id=\"field_2_8\" class=\"gfield gfield--type-text gfield--input-type-text gfield--width-full field_sublabel_below gfield--no-description field_description_below field_validation_below gfield_visibility_visible\"  ><label class='form-label gfield_label gform-field-label' for='input_2_8'>Osoite<\/label><div class='ginput_container ginput_container_text'><input name='input_8' id='input_2_8' type='text' value='' class='form-control form-control-lg'      aria-invalid=\"false\"   \/><\/div><\/div><div id=\"field_2_9\" class=\"gfield gfield--type-email gfield--input-type-email gfield--width-full field_sublabel_below gfield--no-description field_description_below field_validation_below gfield_visibility_visible\"  ><label class='form-label gfield_label gform-field-label' for='input_2_9'>S\u00e4hk\u00f6postiosoite<\/label><div class='ginput_container ginput_container_email'>\n                            <input name='input_9' id='input_2_9' autocomplete='email' type='email' value='' class='large'     aria-invalid=\"false\"  \/>\n                        <\/div><\/div><div id=\"field_2_10\" class=\"gfield gfield--type-phone gfield--input-type-phone gfield--width-half field_sublabel_below gfield--no-description field_description_below field_validation_below gfield_visibility_visible\"  ><label class='form-label gfield_label gform-field-label' for='input_2_10'>Puhelin kotiin<\/label><div class='ginput_container ginput_container_phone'><input name='input_10' id='input_2_10' type='tel' value='' class='form-control form-control-lg'    aria-invalid=\"false\"   \/><\/div><\/div><div id=\"field_2_11\" class=\"gfield gfield--type-phone gfield--input-type-phone gfield--width-half field_sublabel_below gfield--no-description field_description_below field_validation_below gfield_visibility_visible\"  ><label class='form-label gfield_label gform-field-label' for='input_2_11'>Puhelin t\u00f6ihin<\/label><div class='ginput_container ginput_container_phone'><input name='input_11' id='input_2_11' type='tel' value='' class='form-control form-control-lg'    aria-invalid=\"false\"   \/><\/div><\/div><div id=\"field_2_12\" class=\"gfield gfield--type-textarea gfield--input-type-textarea gfield--width-full field_sublabel_below gfield--no-description field_description_below field_validation_below gfield_visibility_visible\"  ><label class='form-label gfield_label gform-field-label' for='input_2_12'>Suorittamasi koulutukset (milloin ja miss\u00e4)<\/label><div class='ginput_container ginput_container_textarea'><textarea name='input_12' id='input_2_12' class='form-control form-control-lg textarea'      aria-invalid=\"false\"   rows='4' cols='50'><\/textarea><\/div><\/div><div id=\"field_2_13\" class=\"gfield gfield--type-text gfield--input-type-text gfield--width-full field_sublabel_below gfield--no-description field_description_below field_validation_below gfield_visibility_visible\"  ><label class='form-label gfield_label gform-field-label' for='input_2_13'>Ammatti- tai virkanimikkeesi<\/label><div class='ginput_container ginput_container_text'><input name='input_13' id='input_2_13' type='text' value='' class='form-control form-control-lg'      aria-invalid=\"false\"   \/><\/div><\/div><div id=\"field_2_15\" class=\"gfield gfield--type-text gfield--input-type-text gfield--width-full field_sublabel_below gfield--no-description field_description_below field_validation_below gfield_visibility_visible\"  ><label class='form-label gfield_label gform-field-label' for='input_2_15'>Ty\u00f6paikka<\/label><div class='ginput_container ginput_container_text'><input name='input_15' id='input_2_15' type='text' value='' class='form-control form-control-lg'      aria-invalid=\"false\"   \/><\/div><\/div><div id=\"field_2_16\" class=\"gfield gfield--type-textarea gfield--input-type-textarea gfield--width-full field_sublabel_below gfield--no-description field_description_below field_validation_below gfield_visibility_visible\"  ><label class='form-label gfield_label gform-field-label' for='input_2_16'>Psykoanalyyttinen tai \u2013terapeuttinen koulutuksesi hakiessasi ao. j\u00e4senyytt\u00e4 (mik\u00e4 ja milloin)<\/label><div class='ginput_container ginput_container_textarea'><textarea name='input_16' id='input_2_16' class='form-control form-control-lg textarea'      aria-invalid=\"false\"   rows='4' cols='50'><\/textarea><\/div><\/div><div id=\"field_2_17\" class=\"gfield gfield--type-textarea gfield--input-type-textarea gfield--width-full field_sublabel_below gfield--no-description field_description_below field_validation_below gfield_visibility_visible\"  ><label class='form-label gfield_label gform-field-label' for='input_2_17'>Psykoterapeuttiseen ty\u00f6h\u00f6n liittyv\u00e4 ty\u00f6kokemuksesi ja\/tai erityiset kiinnostuksesi alueet<\/label><div class='ginput_container ginput_container_textarea'><textarea name='input_17' id='input_2_17' class='form-control form-control-lg textarea'      aria-invalid=\"false\"   rows='4' cols='50'><\/textarea><\/div><\/div><div id=\"field_2_18\" class=\"gfield gfield--type-textarea gfield--input-type-textarea gfield--width-full field_sublabel_below gfield--no-description field_description_below field_validation_below gfield_visibility_visible\"  ><label class='form-label gfield_label gform-field-label' for='input_2_18'>Mit\u00e4 toivomuksia tai tarpeita sinulla on Therapeia-yhdistykselle ja\/tai mit\u00e4 sinulla on sille  annettavaa<\/label><div class='ginput_container ginput_container_textarea'><textarea name='input_18' id='input_2_18' class='form-control form-control-lg textarea'      aria-invalid=\"false\"   rows='4' cols='50'><\/textarea><\/div><\/div><div id=\"field_2_19\" class=\"gfield gfield--type-signature gfield--input-type-signature gfield--width-full field_sublabel_below gfield--no-description field_description_below field_validation_below gfield_visibility_visible\"  ><label class='form-label gfield_label gform-field-label' for='input_2_19'>Allekirjoitus<\/label><div class='gfield_signature_ui_container gform-theme__no-reset--children' ><div id='input_2_19_Container' class='gfield_signature_container ginput_container' style='height:180px; width:800px; ' ><input type='hidden' class='gform_hidden' name='input_2_19_valid' id='input_2_19_valid' \/><canvas id='input_2_19' width='800' height='180' style='border-style: Dashed; border-width: 2px; border-color: #DDDDDD; background-color:#FFFFFF; cursor: url(https:\/\/therapeia-yhteiso.fi\/yhdistys\/wp-content\/plugins\/gravityformssignature\/assets\/img\/pen.cur), pointer;'><\/canvas><\/div><div id='input_2_19_toolbar' style='margin:5px 0;position:relative;height:20px;width:800px;max-width:100%;'><img id = 'input_2_19_resetbutton' src='data:image\/png;base64,iVBORw0KGgoAAAANSUhEUgAAABgAAAAYCAYAAADgdz34AAAAGXRFWHRTb2Z0d2FyZQBBZG9iZSBJbWFnZVJlYWR5ccllPAAAAtRJREFUeNrsld9rklEYx32nc7i2GulGtZg6XJbJyBeJzbGZJJVuAyFD7D8QumiG7nLXQuw6dtHN7oYwFtIgDG+2CGQtGf1grBpWIkPHaDpJZvZ95F2cqfPHRTfRgY\/H85znfb7nPc85z8sVi0XR32zcf4GmBTiOk8GWY8YSdEpwHpwG7eAA\/ABJsA3\/w5MEJOUGi8VyCUFFeCiGvlcsFvOFQqGtzK1d4Bzmr8DvDfy\/NyTgcDj6I5GIGA91YdiN4CW7RqNp83g8fZ2dna17e3v5ubm5r1tbWz8F8WH4v4PIh7oCTOumH4VCIQkGg6axsTElgkRhyoJTXq\/33srKStzpdL5KpVK0RVcxvw+Rb40KlNr09LTSbDZH8HcJ\/DqyY2sksE9Go1GHVqsN5fP5Yk9Pz3WIJNmctNQT8Pl8n\/DQZza40CjIokqlerywsMCTYWdnpwVjTb0kF1dXVy2sLR6Pn4HIJnu6mLZht9s3KUeUE7VarYPt459ZOqZlKMFEFRRVfI+QzMzMeBHOOTAw4GbnKt4AK6Vte0\/nHA6pBu\/T4ejoqAgnS4dTlT82U74aJOourYTn+ds1VlyNm+AReMjaK5LsdrvpxoqSyWSX8DbVSwDHtYJ+hi9gETxl\/SoCWK1WGfWJRKLQ0dGhO0kAq5MGAoFB\/OVZXC6XtqYAzvamwWCgMiDK5XKXsSL5CRpZv98vnp+fH2SNJpPpYk0BlIIXSJaB\/lOZkEqlNyCi4ahAHd8iajGUj41a2a+2xzmj0fgsFAoN0QA3lAJfAxMISDeVpx7jSbJnMplSOZ6amuptVIBaZHx8\/G0sFruj1+tlgo2KWh\/oF3opGWl+bW3t1uzsrHJ5eXm42Q+OGW\/wADc7gYe3w+Fwen19\/YByhMMgt9lsqpGRkQvYxifwfQnup9PprFwuX2rmi0ZvYAdDwurPgl1A9ek1eE7byqYR7P873+TfAgwATQiKdubVli0AAAAASUVORK5CYII=' style='cursor:pointer;float:right;height:24px;width:24px;border:0px solid transparent' alt='Clear Signature' \/ ><\/div><input type='hidden' id='input_2_19_data' name='input_2_19_data' value=''><\/div><\/div><\/div><\/div>\n        <div class='gform-footer gform_footer top_label'> <input type='submit' id='gform_submit_button_2' class='gform_button btn btn-primary button' onclick='gform.submission.handleButtonClick(this);' data-submission-type='submit' value='L\u00e4het\u00e4'  \/> \n            <input type='hidden' class='gform_hidden' name='gform_submission_method' data-js='gform_submission_method_2' value='postback' \/>\n            <input type='hidden' class='gform_hidden' name='gform_theme' data-js='gform_theme_2' id='gform_theme_2' value='gravity-theme' \/>\n            <input type='hidden' class='gform_hidden' name='gform_style_settings' data-js='gform_style_settings_2' id='gform_style_settings_2' value='{&quot;inputPrimaryColor&quot;:&quot;#204ce5&quot;}' \/>\n            <input type='hidden' class='gform_hidden' name='is_submit_2' value='1' \/>\n            <input type='hidden' class='gform_hidden' name='gform_submit' value='2' \/>\n            \n            <input type='hidden' class='gform_hidden' name='gform_currency' data-currency='EUR' value='yKEobdJ2Xfo6Is\/qNw88S6f8FyXQOb\/oSF57yTVWmbtuigDp5bofQ6AD8fG4+IdAZgi5oGQ7\/DCanTp99Oe5c8rlUX3TT26lmeRznGSpplzv9f8=' \/>\n            <input type='hidden' class='gform_hidden' name='gform_unique_id' value='' \/>\n            <input type='hidden' class='gform_hidden' name='state_2' value='WyJbXSIsIjcxZTk3ZmRlZDY3Y2E4NmI4ZTA1MDI2YTRkZTc3NDI4Il0=' \/>\n            <input type='hidden' autocomplete='off' class='gform_hidden' name='gform_target_page_number_2' id='gform_target_page_number_2' value='0' \/>\n            <input type='hidden' autocomplete='off' class='gform_hidden' name='gform_source_page_number_2' id='gform_source_page_number_2' value='1' \/>\n            <input type='hidden' name='gform_field_values' value='' \/>\n            \n        <\/div>\n                        <\/form>\n                        <\/div><script>\ngform.initializeOnLoaded( function() {gformInitSpinner( 2, 'data:image\/gif;base64,R0lGODlhAQABAIAAAAAAAP\/\/\/yH5BAEAAAAALAAAAAABAAEAAAIBRAA7', true );jQuery('#gform_ajax_frame_2').on('load',function(){var contents = jQuery(this).contents().find('*').html();var is_postback = contents.indexOf('GF_AJAX_POSTBACK') >= 0;if(!is_postback){return;}var form_content = jQuery(this).contents().find('#gform_wrapper_2');var is_confirmation = jQuery(this).contents().find('#gform_confirmation_wrapper_2').length > 0;var is_redirect = contents.indexOf('gformRedirect(){') >= 0;var is_form = form_content.length > 0 && ! is_redirect && ! is_confirmation;var mt = parseInt(jQuery('html').css('margin-top'), 10) + parseInt(jQuery('body').css('margin-top'), 10) + 100;if(is_form){jQuery('#gform_wrapper_2').html(form_content.html());if(form_content.hasClass('gform_validation_error')){jQuery('#gform_wrapper_2').addClass('gform_validation_error');} else {jQuery('#gform_wrapper_2').removeClass('gform_validation_error');}setTimeout( function() { \/* delay the scroll by 50 milliseconds to fix a bug in chrome *\/  }, 50 );if(window['gformInitDatepicker']) {gformInitDatepicker();}if(window['gformInitPriceFields']) {gformInitPriceFields();}var current_page = jQuery('#gform_source_page_number_2').val();gformInitSpinner( 2, 'data:image\/gif;base64,R0lGODlhAQABAIAAAAAAAP\/\/\/yH5BAEAAAAALAAAAAABAAEAAAIBRAA7', true );jQuery(document).trigger('gform_page_loaded', [2, current_page]);window['gf_submitting_2'] = false;}else if(!is_redirect){var confirmation_content = jQuery(this).contents().find('.GF_AJAX_POSTBACK').html();if(!confirmation_content){confirmation_content = contents;}jQuery('#gform_wrapper_2').replaceWith(confirmation_content);jQuery(document).trigger('gform_confirmation_loaded', [2]);window['gf_submitting_2'] = false;wp.a11y.speak(jQuery('#gform_confirmation_message_2').text());}else{jQuery('#gform_2').append(contents);if(window['gformRedirect']) {gformRedirect();}}jQuery(document).trigger(\"gform_pre_post_render\", [{ formId: \"2\", currentPage: \"current_page\", abort: function() { this.preventDefault(); } }]);        if (event && event.defaultPrevented) {                return;        }        const gformWrapperDiv = document.getElementById( \"gform_wrapper_2\" );        if ( gformWrapperDiv ) {            const visibilitySpan = document.createElement( \"span\" );            visibilitySpan.id = \"gform_visibility_test_2\";            gformWrapperDiv.insertAdjacentElement( \"afterend\", visibilitySpan );        }        const visibilityTestDiv = document.getElementById( \"gform_visibility_test_2\" );        let postRenderFired = false;        function triggerPostRender() {            if ( postRenderFired ) {                return;            }            postRenderFired = true;            gform.core.triggerPostRenderEvents( 2, current_page );            if ( visibilityTestDiv ) {                visibilityTestDiv.parentNode.removeChild( visibilityTestDiv );            }        }        function debounce( func, wait, immediate ) {            var timeout;            return function() {                var context = this, args = arguments;                var later = function() {                    timeout = null;                    if ( !immediate ) func.apply( context, args );                };                var callNow = immediate && !timeout;                clearTimeout( timeout );                timeout = setTimeout( later, wait );                if ( callNow ) func.apply( context, args );            };        }        const debouncedTriggerPostRender = debounce( function() {            triggerPostRender();        }, 200 );        if ( visibilityTestDiv && visibilityTestDiv.offsetParent === null ) {            const observer = new MutationObserver( ( mutations ) => {                mutations.forEach( ( mutation ) => {                    if ( mutation.type === 'attributes' && visibilityTestDiv.offsetParent !== null ) {                        debouncedTriggerPostRender();                        observer.disconnect();                    }                });            });            observer.observe( document.body, {                attributes: true,                childList: false,                subtree: true,                attributeFilter: [ 'style', 'class' ],            });        } else {            triggerPostRender();        }    } );} );\n<\/script>\n<\/div>\n<\/div>\n","protected":false},"excerpt":{"rendered":"<p>Kuka voi hakea j\u00e4senyytt\u00e4? Therapeia-yhdistyksen varsinaista j\u00e4senyytt\u00e4 voi hakea jokainen psykoanalyysist\u00e4 kiinnostunut. Psykoterapeuttisen koulutuksen suorittanut voi hakea joko psykoterapeutti- tai psykoanalyytikkoj\u00e4senyytt\u00e4. J\u00e4senmaksut 2025: Yhdistyksen psykoanalyytikko-, psykoterapeutti- ja varsinaiset j\u00e4senet maksavat j\u00e4senmaksuna 85&nbsp;\u20ac\/v. IFPS-j\u00e4senmaksu on 25 \u20ac\/v. &nbsp;El\u00e4kel\u00e4isill\u00e4 on alennettu j\u00e4senmaksu erillisest\u00e4 hakemuksesta kalenterivuoden alusta. Therapeia-s\u00e4\u00e4ti\u00f6n Koulutuskeskuksessa opiskelevilla on alennettu j\u00e4senmaksu koulutuksen teoriaosuuden ajan erillisest\u00e4 hakemuksta [&hellip;]<\/p>\n","protected":false},"author":1,"featured_media":0,"parent":0,"menu_order":7,"comment_status":"closed","ping_status":"closed","template":"","meta":{"_acf_changed":false,"footnotes":""},"class_list":["post-4340","page","type-page","status-publish","hentry"],"acf":[],"aioseo_notices":[],"_links":{"self":[{"href":"https:\/\/therapeia-yhteiso.fi\/yhdistys\/wp-json\/wp\/v2\/pages\/4340","targetHints":{"allow":["GET"]}}],"collection":[{"href":"https:\/\/therapeia-yhteiso.fi\/yhdistys\/wp-json\/wp\/v2\/pages"}],"about":[{"href":"https:\/\/therapeia-yhteiso.fi\/yhdistys\/wp-json\/wp\/v2\/types\/page"}],"author":[{"embeddable":true,"href":"https:\/\/therapeia-yhteiso.fi\/yhdistys\/wp-json\/wp\/v2\/users\/1"}],"replies":[{"embeddable":true,"href":"https:\/\/therapeia-yhteiso.fi\/yhdistys\/wp-json\/wp\/v2\/comments?post=4340"}],"version-history":[{"count":11,"href":"https:\/\/therapeia-yhteiso.fi\/yhdistys\/wp-json\/wp\/v2\/pages\/4340\/revisions"}],"predecessor-version":[{"id":4474,"href":"https:\/\/therapeia-yhteiso.fi\/yhdistys\/wp-json\/wp\/v2\/pages\/4340\/revisions\/4474"}],"wp:attachment":[{"href":"https:\/\/therapeia-yhteiso.fi\/yhdistys\/wp-json\/wp\/v2\/media?parent=4340"}],"curies":[{"name":"wp","href":"https:\/\/api.w.org\/{rel}","templated":true}]}}