{"id":4483,"date":"2000-02-25T15:26:42","date_gmt":"2000-02-25T13:26:42","guid":{"rendered":"http:\/\/therapeia-yhteiso.fi\/saatio\/?post_type=product&#038;p=4483"},"modified":"2025-10-13T13:18:42","modified_gmt":"2025-10-13T10:18:42","slug":"ihanus-juhani-vastaanottoja-therapeia-saatio-40-vuotta-2000","status":"publish","type":"product","link":"https:\/\/therapeia-yhteiso.fi\/saatio\/tuote\/ihanus-juhani-vastaanottoja-therapeia-saatio-40-vuotta-2000\/","title":{"rendered":"Ihanus Juhani: Vastaanottoja. Therapeia-s\u00e4\u00e4ti\u00f6 40 vuotta. 2000"},"content":{"rendered":"<p><strong>Juhani Ihanus, 2000, 274 s.<\/strong><\/p>\n<p>Aate- ja oppihistorian dosentti Juhani Ihanus luotaa t\u00e4ss\u00e4 teoksessa Therapeia-s\u00e4\u00e4ti\u00f6n vaiheita ja laajentaa perspektiivej\u00e4 yhteis\u00f6historiasta oppihistoriaan.<\/p>\n<p>H\u00e4n kysyy, miten psykoanalyyttinen (Freud), daseinanalyyttinen (Heidegger, Binswanger, Bally, Boss), antropologis-l\u00e4\u00e4ketieteellinen (von Weizs\u00e4cker, K\u00fctemeyer), filosofinen ja teologinen ajattelu kohtaavat toisensa. Millainen on niiden keskin\u00e4inen vastaanotto ja vuoropuhelu Therapeia-s\u00e4\u00e4ti\u00f6n synnyss\u00e4 ja kehityksess\u00e4?<\/p>\n<p>Yhteis\u00f6- ja oppihistorian kronologiaa vasten piirtyy my\u00f6s hahmotelmia alan suomalaisista pioneereista ja heid\u00e4n uria aukovasta raivausty\u00f6st\u00e4\u00e4n mm. psykoositerapian, psykosomatiikan, lastenpsykiatrian ja -psykoterapian alueilla.<\/p>\n<p>Tekij\u00e4 on k\u00e4ynyt l\u00e4pi runsaan alkuper\u00e4isaineiston, joka tulee nyt ensimm\u00e4ist\u00e4 kertaa lukijoiden ulottuville. Vastaanottoja on erinomainen l\u00e4hdeteos my\u00f6s Therapeian piiriss\u00e4 syntyneen kirjallisen tuotannon osalta.<\/p>\n<p>Menneisyyden vastaanotot heijastuvat nykyisyyteen ja my\u00f6t\u00e4vaikuttavat siihen, miten yhteis\u00f6 suuntautuu tulevaisuuteen.<\/p>\n","protected":false},"excerpt":{"rendered":"<p>Juhani Ihanus, 2000, 274 s. Aate- ja oppihistorian dosentti Juhani Ihanus luotaa t\u00e4ss\u00e4 teoksessa Therapeia-s\u00e4\u00e4ti\u00f6n vaiheita ja laajentaa perspektiivej\u00e4 yhteis\u00f6historiasta oppihistoriaan. H\u00e4n kysyy, miten psykoanalyyttinen (Freud), daseinanalyyttinen (Heidegger, Binswanger, Bally, Boss), antropologis-l\u00e4\u00e4ketieteellinen (von Weizs\u00e4cker, K\u00fctemeyer), filosofinen ja teologinen ajattelu kohtaavat toisensa. Millainen on niiden keskin\u00e4inen vastaanotto ja vuoropuhelu Therapeia-s\u00e4\u00e4ti\u00f6n synnyss\u00e4 ja kehityksess\u00e4? Yhteis\u00f6- ja oppihistorian [&hellip;]<\/p>\n","protected":false},"featured_media":4509,"template":"","meta":{"_acf_changed":false},"product_brand":[],"product_cat":[225],"product_tag":[],"class_list":{"0":"post-4483","1":"product","2":"type-product","3":"status-publish","4":"has-post-thumbnail","6":"product_cat-yleinen","8":"first","9":"instock","10":"taxable","11":"shipping-taxable","12":"purchasable","13":"product-type-simple"},"acf":[],"aioseo_notices":[],"_links":{"self":[{"href":"https:\/\/therapeia-yhteiso.fi\/saatio\/wp-json\/wp\/v2\/product\/4483","targetHints":{"allow":["GET"]}}],"collection":[{"href":"https:\/\/therapeia-yhteiso.fi\/saatio\/wp-json\/wp\/v2\/product"}],"about":[{"href":"https:\/\/therapeia-yhteiso.fi\/saatio\/wp-json\/wp\/v2\/types\/product"}],"wp:featuredmedia":[{"embeddable":true,"href":"https:\/\/therapeia-yhteiso.fi\/saatio\/wp-json\/wp\/v2\/media\/4509"}],"wp:attachment":[{"href":"https:\/\/therapeia-yhteiso.fi\/saatio\/wp-json\/wp\/v2\/media?parent=4483"}],"wp:term":[{"taxonomy":"product_brand","embeddable":true,"href":"https:\/\/therapeia-yhteiso.fi\/saatio\/wp-json\/wp\/v2\/product_brand?post=4483"},{"taxonomy":"product_cat","embeddable":true,"href":"https:\/\/therapeia-yhteiso.fi\/saatio\/wp-json\/wp\/v2\/product_cat?post=4483"},{"taxonomy":"product_tag","embeddable":true,"href":"https:\/\/therapeia-yhteiso.fi\/saatio\/wp-json\/wp\/v2\/product_tag?post=4483"}],"curies":[{"name":"wp","href":"https:\/\/api.w.org\/{rel}","templated":true}]}}