{"id":4482,"date":"2002-02-25T15:24:42","date_gmt":"2002-02-25T13:24:42","guid":{"rendered":"http:\/\/therapeia-yhteiso.fi\/saatio\/?post_type=product&#038;p=4482"},"modified":"2025-10-13T13:18:30","modified_gmt":"2025-10-13T10:18:30","slug":"rekola-juhani-syopasairaus-ja-elaman-todellisuus","status":"publish","type":"product","link":"https:\/\/therapeia-yhteiso.fi\/saatio\/tuote\/rekola-juhani-syopasairaus-ja-elaman-todellisuus\/","title":{"rendered":"Rekola Juhani: Sy\u00f6p\u00e4sairaus ja el\u00e4m\u00e4n todellisuus"},"content":{"rendered":"<p><strong>Juhani Rekola, 2002<\/strong><\/p>\n<p>Monille on tuttua, ett\u00e4 \u00e4killisess\u00e4 kriisitilanteessa syd\u00e4n, iho tai vatsa reagoi. Kun ihminen sairastuu vakavasti, on merkityksellist\u00e4 tutustua my\u00f6s h\u00e4nen el\u00e4m\u00e4ntilanteeseensa ja ik\u00e4vaiheeseensa. Ruumiin reagointi voidaan ymm\u00e4rt\u00e4\u00e4 kielen\u00e4, mutta se on ep\u00e4tarkka ja viitteellinen avautuen vasta pitk\u00e4ss\u00e4 hoitosuhteessa.<\/p>\n<p>T\u00e4ss\u00e4 teoksessa l\u00e4\u00e4ketieteen tohtori Juhani Rekola esittelee antropologisen l\u00e4\u00e4ketieteen n\u00e4k\u00f6kulmia erityisesti sy\u00f6p\u00e4sairauksien esiintyvyydess\u00e4 ja terapeuttisessa hoidossa. Leikkausten ja l\u00e4\u00e4kitysten rinnalla on t\u00e4rke\u00e4\u00e4 esitt\u00e4\u00e4 kaksi kysymyst\u00e4: Miksi sairaus tuli juuri nyt? Miksi juuri t\u00e4ll\u00e4 tavalla? N\u00e4iden kysymysten kautta voi avautua syv\u00e4llisempi ymm\u00e4rrys sairauden luonteesta ja siten mahdollisuus auttaa potilasta el\u00e4m\u00e4\u00e4n sairautensa kanssa tai selviytym\u00e4\u00e4n siit\u00e4.<\/p>\n<p>Kirjassa esitell\u00e4\u00e4n paitsi yksil\u00f6psykologisia ja kulttuurisia n\u00e4k\u00f6kulmia sairastumiseen, my\u00f6s perhedynaamisia ja psykoterapeuttisia n\u00e4k\u00f6kulmia. Lopuksi tutustutaan kahden kirjailijan &#8211; Marilyn Frenchin ja Friz Zornin &#8211; kokemuksiin sy\u00f6p\u00e4\u00e4n sairastumisestaan. Kirja soveltuu paitsi hoitoalan ammattilaisille tai alaa opiskeleville, jokaiselle joka on kiinnostunut omasta terveydest\u00e4\u00e4n ja haluaa ymm\u00e4rt\u00e4\u00e4 ruumiinsa viestej\u00e4.<\/p>\n","protected":false},"excerpt":{"rendered":"<p>Juhani Rekola, 2002 Monille on tuttua, ett\u00e4 \u00e4killisess\u00e4 kriisitilanteessa syd\u00e4n, iho tai vatsa reagoi. Kun ihminen sairastuu vakavasti, on merkityksellist\u00e4 tutustua my\u00f6s h\u00e4nen el\u00e4m\u00e4ntilanteeseensa ja ik\u00e4vaiheeseensa. Ruumiin reagointi voidaan ymm\u00e4rt\u00e4\u00e4 kielen\u00e4, mutta se on ep\u00e4tarkka ja viitteellinen avautuen vasta pitk\u00e4ss\u00e4 hoitosuhteessa. T\u00e4ss\u00e4 teoksessa l\u00e4\u00e4ketieteen tohtori Juhani Rekola esittelee antropologisen l\u00e4\u00e4ketieteen n\u00e4k\u00f6kulmia erityisesti sy\u00f6p\u00e4sairauksien esiintyvyydess\u00e4 ja [&hellip;]<\/p>\n","protected":false},"featured_media":4507,"template":"","meta":{"_acf_changed":false},"product_brand":[],"product_cat":[225],"product_tag":[],"class_list":{"0":"post-4482","1":"product","2":"type-product","3":"status-publish","4":"has-post-thumbnail","6":"product_cat-yleinen","8":"first","9":"instock","10":"taxable","11":"shipping-taxable","12":"purchasable","13":"product-type-simple"},"acf":[],"aioseo_notices":[],"_links":{"self":[{"href":"https:\/\/therapeia-yhteiso.fi\/saatio\/wp-json\/wp\/v2\/product\/4482","targetHints":{"allow":["GET"]}}],"collection":[{"href":"https:\/\/therapeia-yhteiso.fi\/saatio\/wp-json\/wp\/v2\/product"}],"about":[{"href":"https:\/\/therapeia-yhteiso.fi\/saatio\/wp-json\/wp\/v2\/types\/product"}],"wp:featuredmedia":[{"embeddable":true,"href":"https:\/\/therapeia-yhteiso.fi\/saatio\/wp-json\/wp\/v2\/media\/4507"}],"wp:attachment":[{"href":"https:\/\/therapeia-yhteiso.fi\/saatio\/wp-json\/wp\/v2\/media?parent=4482"}],"wp:term":[{"taxonomy":"product_brand","embeddable":true,"href":"https:\/\/therapeia-yhteiso.fi\/saatio\/wp-json\/wp\/v2\/product_brand?post=4482"},{"taxonomy":"product_cat","embeddable":true,"href":"https:\/\/therapeia-yhteiso.fi\/saatio\/wp-json\/wp\/v2\/product_cat?post=4482"},{"taxonomy":"product_tag","embeddable":true,"href":"https:\/\/therapeia-yhteiso.fi\/saatio\/wp-json\/wp\/v2\/product_tag?post=4482"}],"curies":[{"name":"wp","href":"https:\/\/api.w.org\/{rel}","templated":true}]}}