{"id":4481,"date":"2003-02-25T15:23:33","date_gmt":"2003-02-25T13:23:33","guid":{"rendered":"http:\/\/therapeia-yhteiso.fi\/saatio\/?post_type=product&#038;p=4481"},"modified":"2025-10-13T13:18:12","modified_gmt":"2025-10-13T10:18:12","slug":"alanen-yrjo-o-aallosta-shakespeareen-ja-simenoniin-psykiatrin-esseita-klassikoista","status":"publish","type":"product","link":"https:\/\/therapeia-yhteiso.fi\/saatio\/tuote\/alanen-yrjo-o-aallosta-shakespeareen-ja-simenoniin-psykiatrin-esseita-klassikoista\/","title":{"rendered":"Alanen Yrj\u00f6 O. : Aallosta Shakespeareen ja Simenoniin. Psykiatrin esseit\u00e4 klassikoista"},"content":{"rendered":"<p><strong>Yrj\u00f6 O. Alanen, 2003, 262 s.<\/strong><\/p>\n<p>Turun yliopiston psykiatrian emeritusprofessori Yrj\u00f6 Alanen on kansainv\u00e4lisesti merkitt\u00e4v\u00e4 psykoosien psykoterapeuttisesti painottuneen hoitosuuntauksen ja perheterapian kehitt\u00e4j\u00e4. H\u00e4n johti 1980-luvulla valtakunnallista skitsofreniaprojektia, jonka h\u00e4n liitt\u00e4\u00e4 itse uransa parhaimpiin ja eniten iloa tuottaneisiin kokemuksiin. Yrj\u00f6 Alasen l\u00e4hestymiselle on tunnusomaista potilaiden hyvin laaja-alainen ymm\u00e4rt\u00e4minen ja heid\u00e4n auttamisensa kanssaihmisyyten\u00e4. H\u00e4nen el\u00e4m\u00e4nty\u00f6ns\u00e4 on inhimillist\u00e4nyt psykiatriaa.<\/p>\n<p>Esseekokoelma Aallosta Shakespeareen ja Simenoniin tuo esiin uuden ulottuvuuden Yrj\u00f6 Alasesta. T\u00e4m\u00e4n teoksen aihepiiri\u00e4 ennakoi jo vuonna 1981 ilmestynyt Dostojevskin hyv\u00e4 ja paha. Kirjoittajan el\u00e4v\u00e4 taiteen ja etenkin kirjallisuuden harrastus on tuottanut meille lukijoille kiehtovan ja innostavan lukukokemuksen.<\/p>\n<p>Saamme tutustua Aallon arkkitehtipersoonallisuuteen ja Strindbergin kriiseihin ja luomisty\u00f6h\u00f6n. &#8221;Kolmen mestarillisen pienoisromaanin&#8221; l\u00e4ht\u00f6kohdat ovat vahvasti kirjoittajan omissa el\u00e4myksellisiss\u00e4 lukukokemuksissa, joista v\u00e4littyy Dostojevskin, Marquesin ja Meren nerokkuus ja arvoituksellisuus. &#8221;Selma ja is\u00e4&#8221; k\u00e4sittelee Selma Lagerl\u00f6fi\u00e4. Yrj\u00f6 Alasen kumppanuudessa saamme liikkua my\u00f6s Pakkalan, Kihlmanin ja Pulkkisen romaanitaiteessa ja hakea vastausta kirjoittajan kysymykseen &#8221;Onko Suomessa syvyyspsykologista romaanitaidetta?&#8221; Teoksen toiseksi viimeisess\u00e4 esseess\u00e4 &#8221;Hamlet ja psykoanalyytikot&#8221; kirjoittaja vie meid\u00e4t pelkistetysti psykoanalyyttisen kirjallisuudentutkimuksen piiriin, jossa h\u00e4n arvostaa kirjallisuutta omana maailmanaan. Lopuksi Alanen tarkastelee Simenonin komissario Maigretia ja h\u00e4nen menetelm\u00e4\u00e4ns\u00e4 hieman kevyemmin vedoin.<\/p>\n","protected":false},"excerpt":{"rendered":"<p>Yrj\u00f6 O. Alanen, 2003, 262 s. Turun yliopiston psykiatrian emeritusprofessori Yrj\u00f6 Alanen on kansainv\u00e4lisesti merkitt\u00e4v\u00e4 psykoosien psykoterapeuttisesti painottuneen hoitosuuntauksen ja perheterapian kehitt\u00e4j\u00e4. H\u00e4n johti 1980-luvulla valtakunnallista skitsofreniaprojektia, jonka h\u00e4n liitt\u00e4\u00e4 itse uransa parhaimpiin ja eniten iloa tuottaneisiin kokemuksiin. Yrj\u00f6 Alasen l\u00e4hestymiselle on tunnusomaista potilaiden hyvin laaja-alainen ymm\u00e4rt\u00e4minen ja heid\u00e4n auttamisensa kanssaihmisyyten\u00e4. H\u00e4nen el\u00e4m\u00e4nty\u00f6ns\u00e4 on inhimillist\u00e4nyt [&hellip;]<\/p>\n","protected":false},"featured_media":4506,"template":"","meta":{"_acf_changed":false},"product_brand":[],"product_cat":[225],"product_tag":[],"class_list":{"0":"post-4481","1":"product","2":"type-product","3":"status-publish","4":"has-post-thumbnail","6":"product_cat-yleinen","8":"first","9":"instock","10":"taxable","11":"shipping-taxable","12":"purchasable","13":"product-type-simple"},"acf":[],"aioseo_notices":[],"_links":{"self":[{"href":"https:\/\/therapeia-yhteiso.fi\/saatio\/wp-json\/wp\/v2\/product\/4481","targetHints":{"allow":["GET"]}}],"collection":[{"href":"https:\/\/therapeia-yhteiso.fi\/saatio\/wp-json\/wp\/v2\/product"}],"about":[{"href":"https:\/\/therapeia-yhteiso.fi\/saatio\/wp-json\/wp\/v2\/types\/product"}],"wp:featuredmedia":[{"embeddable":true,"href":"https:\/\/therapeia-yhteiso.fi\/saatio\/wp-json\/wp\/v2\/media\/4506"}],"wp:attachment":[{"href":"https:\/\/therapeia-yhteiso.fi\/saatio\/wp-json\/wp\/v2\/media?parent=4481"}],"wp:term":[{"taxonomy":"product_brand","embeddable":true,"href":"https:\/\/therapeia-yhteiso.fi\/saatio\/wp-json\/wp\/v2\/product_brand?post=4481"},{"taxonomy":"product_cat","embeddable":true,"href":"https:\/\/therapeia-yhteiso.fi\/saatio\/wp-json\/wp\/v2\/product_cat?post=4481"},{"taxonomy":"product_tag","embeddable":true,"href":"https:\/\/therapeia-yhteiso.fi\/saatio\/wp-json\/wp\/v2\/product_tag?post=4481"}],"curies":[{"name":"wp","href":"https:\/\/api.w.org\/{rel}","templated":true}]}}