{"id":4479,"date":"2005-07-25T14:58:17","date_gmt":"2005-07-25T11:58:17","guid":{"rendered":"http:\/\/therapeia-yhteiso.fi\/saatio\/?post_type=product&#038;p=4479"},"modified":"2025-10-13T13:17:27","modified_gmt":"2025-10-13T10:17:27","slug":"jaffe-ellen-s-syntymalauluja-birth-songs-runokirja-2-p","status":"publish","type":"product","link":"https:\/\/therapeia-yhteiso.fi\/saatio\/tuote\/jaffe-ellen-s-syntymalauluja-birth-songs-runokirja-2-p\/","title":{"rendered":"Jaffe, Ellen S.: Syntym\u00e4lauluja &#8211; Birth Songs (runokirja), 2.p"},"content":{"rendered":"<p align=\"left\"><strong>Ellen S. Jaffe, 2005, 74 s.<\/strong><\/p>\n<p>SYNTYM\u00c4LAULUT ovat runoja el\u00e4m\u00e4n ytimest\u00e4 &#8211; lapsen odotuksesta, syntym\u00e4st\u00e4 ja varhaisvaiheista. N\u00e4ihin tilanteisiin liittyy voimakkaita kokemuksia ja tunteita, jotka kuitenkin yll\u00e4tt\u00e4v\u00e4n usein vain ohimennen sivuutetaan tai joista ei edes puhuta.<\/p>\n<p>Kanadalainen lastenpsykoterapeutti ELLEN S. JAFFE k\u00e4y runoissaan l\u00e4pi lapsen syntym\u00e4n eri vaiheita, unohtamatta niit\u00e4k\u00e4\u00e4n lapsia jotka eiv\u00e4t koskaan syntyneet tai jotka katosivat varhain. H\u00e4n katsoo tilanteita sis\u00e4lt\u00e4p\u00e4in, sek\u00e4 terapeutin ett\u00e4 \u00e4idin kokemuksella, vaikeita tunteitakin lempe\u00e4sti ymm\u00e4rt\u00e4en.<\/p>\n<p>Kirjasen runot, niiden selitykset sek\u00e4 psykoterapeutti Marja Schulmanin esipuhe muodostavat kokonaisuuden, joka on valoisa ja terapeuttinen. Mukana ovat my\u00f6s alkuper\u00e4iset englanninkieliset runot. Hyv\u00e4\u00e4 tekev\u00e4 kirjanen kaikille, niin naisille kuin miehillekin!<\/p>\n","protected":false},"excerpt":{"rendered":"<p>Ellen S. Jaffe, 2005, 74 s. SYNTYM\u00c4LAULUT ovat runoja el\u00e4m\u00e4n ytimest\u00e4 &#8211; lapsen odotuksesta, syntym\u00e4st\u00e4 ja varhaisvaiheista. N\u00e4ihin tilanteisiin liittyy voimakkaita kokemuksia ja tunteita, jotka kuitenkin yll\u00e4tt\u00e4v\u00e4n usein vain ohimennen sivuutetaan tai joista ei edes puhuta. Kanadalainen lastenpsykoterapeutti ELLEN S. JAFFE k\u00e4y runoissaan l\u00e4pi lapsen syntym\u00e4n eri vaiheita, unohtamatta niit\u00e4k\u00e4\u00e4n lapsia jotka eiv\u00e4t koskaan syntyneet [&hellip;]<\/p>\n","protected":false},"featured_media":4554,"template":"","meta":{"_acf_changed":false},"product_brand":[],"product_cat":[225],"product_tag":[],"class_list":{"0":"post-4479","1":"product","2":"type-product","3":"status-publish","4":"has-post-thumbnail","6":"product_cat-yleinen","8":"first","9":"instock","10":"taxable","11":"shipping-taxable","12":"purchasable","13":"product-type-simple"},"acf":[],"aioseo_notices":[],"_links":{"self":[{"href":"https:\/\/therapeia-yhteiso.fi\/saatio\/wp-json\/wp\/v2\/product\/4479","targetHints":{"allow":["GET"]}}],"collection":[{"href":"https:\/\/therapeia-yhteiso.fi\/saatio\/wp-json\/wp\/v2\/product"}],"about":[{"href":"https:\/\/therapeia-yhteiso.fi\/saatio\/wp-json\/wp\/v2\/types\/product"}],"wp:featuredmedia":[{"embeddable":true,"href":"https:\/\/therapeia-yhteiso.fi\/saatio\/wp-json\/wp\/v2\/media\/4554"}],"wp:attachment":[{"href":"https:\/\/therapeia-yhteiso.fi\/saatio\/wp-json\/wp\/v2\/media?parent=4479"}],"wp:term":[{"taxonomy":"product_brand","embeddable":true,"href":"https:\/\/therapeia-yhteiso.fi\/saatio\/wp-json\/wp\/v2\/product_brand?post=4479"},{"taxonomy":"product_cat","embeddable":true,"href":"https:\/\/therapeia-yhteiso.fi\/saatio\/wp-json\/wp\/v2\/product_cat?post=4479"},{"taxonomy":"product_tag","embeddable":true,"href":"https:\/\/therapeia-yhteiso.fi\/saatio\/wp-json\/wp\/v2\/product_tag?post=4479"}],"curies":[{"name":"wp","href":"https:\/\/api.w.org\/{rel}","templated":true}]}}