{"id":4478,"date":"2005-09-25T14:57:56","date_gmt":"2005-09-25T11:57:56","guid":{"rendered":"http:\/\/therapeia-yhteiso.fi\/saatio\/?post_type=product&#038;p=4478"},"modified":"2025-10-13T13:17:17","modified_gmt":"2025-10-13T10:17:17","slug":"davoine-francoise-hullu-aiti","status":"publish","type":"product","link":"https:\/\/therapeia-yhteiso.fi\/saatio\/tuote\/davoine-francoise-hullu-aiti\/","title":{"rendered":"Davoine Francoise: Hullu \u00e4iti"},"content":{"rendered":"<p align=\"left\"><strong>Francoise Davoine , 2005, 276 s.<\/strong><\/p>\n<p>Ent\u00e4p\u00e4 jos psykoosi ei olisikaan biol\u00e4\u00e4ketieteen tutkimuskohde? Ymm\u00e4rt\u00e4isiv\u00e4tk\u00f6 humanistiset tieteet hulluutta paremmin kuin psykiatria? Jospa hulluus ei olisikaan tutkimuksen kohde vaan tutkimustutkimusmenetelm\u00e4?<\/p>\n<p align=\"left\">N\u00e4it\u00e4 kysymyksi\u00e4 pohtii ranskalainen psykoanalyytikko Fran\u00e7oise Davoine teoksessaan \u201dHullu \u00e4iti\u201d. H\u00e4n l\u00f6yt\u00e4\u00e4 psykoanalyysin suullisen perinteen l\u00e4hteet keskiajan ja renessanssin narrien ilveilyiss\u00e4, Amerikan intiaanien perinteess\u00e4 ja Japanin n\u00f4-n\u00e4ytelmiss\u00e4. Artaud\u2019n\u00a0 \u201djulmuuden teatteri\u201d ja Kantorin \u201dkuoleman teatteri\u201d ja psykoanalyyttinen psykoositerapia ovat olleet tuon perinteen jatkajia.<\/p>\n<p>Hulluus tutkii reaalista ja niit\u00e4 historiallisia katastrofeja, jotka on suljettu virallisen historian ulkopuolelle. Siksi hulluuden tutkimus edellytt\u00e4\u00e4 uutta tiedek\u00e4sityst\u00e4, joka palauttaa subjektin tieteelliseen tutkimukseen. Davoine arvostelee psykiatriaa, joka luokitteluhulluudessaan ja l\u00e4\u00e4kint\u00e4raivossaan on kadottanut subjektin ty\u00f6v\u00e4lineen\u00e4. My\u00f6s psykologia on suostunut ihmisen esineellist\u00e4miseen. Ihmistieteet joutuvatkin nyky\u00e4\u00e4n perustelemaan subjektiivisuuttaan vetoamalla luonnontieteisiin. Erwin Schr\u00f6dinger, kvanttifysiikan yht\u00e4l\u00f6iden kehitt\u00e4j\u00e4, vaati subjektin palauttamista tiedek\u00e4sitykseen. H\u00e4nen lis\u00e4kseen Davoine k\u00e4ytt\u00e4\u00e4 my\u00f6s Ren\u00e9 Thomin matemaattista katastrofiteoriaa m\u00e4\u00e4ritelless\u00e4\u00e4n terapeutin paikkaa hulluuden analyysissa.<\/p>\n<p>Teoksessa esitetty hulluuden analyysi perustuu Jaques Lacanin tulkintaan psykoanalyysista ja Ludwig Wittgensteinin kielifilosofiaan. Psykoosihoitojen pioneerianalyytikoista nousevat teoksessa esiin ennen kaikkea Sullivan ja Benedetti.<\/p>\n<p>Teos on kirjoitettu kertomukseksi, jossa tekij\u00e4n subjektiivisuus toimii tutkimusv\u00e4lineen\u00e4. Teoriaa havainnollistavat monet koskettavat tapausselostukset.<\/p>\n","protected":false},"excerpt":{"rendered":"<p>Francoise Davoine , 2005, 276 s. Ent\u00e4p\u00e4 jos psykoosi ei olisikaan biol\u00e4\u00e4ketieteen tutkimuskohde? Ymm\u00e4rt\u00e4isiv\u00e4tk\u00f6 humanistiset tieteet hulluutta paremmin kuin psykiatria? Jospa hulluus ei olisikaan tutkimuksen kohde vaan tutkimustutkimusmenetelm\u00e4? N\u00e4it\u00e4 kysymyksi\u00e4 pohtii ranskalainen psykoanalyytikko Fran\u00e7oise Davoine teoksessaan \u201dHullu \u00e4iti\u201d. H\u00e4n l\u00f6yt\u00e4\u00e4 psykoanalyysin suullisen perinteen l\u00e4hteet keskiajan ja renessanssin narrien ilveilyiss\u00e4, Amerikan intiaanien perinteess\u00e4 ja Japanin n\u00f4-n\u00e4ytelmiss\u00e4. [&hellip;]<\/p>\n","protected":false},"featured_media":4503,"template":"","meta":{"_acf_changed":false},"product_brand":[],"product_cat":[225],"product_tag":[],"class_list":{"0":"post-4478","1":"product","2":"type-product","3":"status-publish","4":"has-post-thumbnail","6":"product_cat-yleinen","8":"first","9":"instock","10":"taxable","11":"shipping-taxable","12":"purchasable","13":"product-type-simple"},"acf":[],"aioseo_notices":[],"_links":{"self":[{"href":"https:\/\/therapeia-yhteiso.fi\/saatio\/wp-json\/wp\/v2\/product\/4478","targetHints":{"allow":["GET"]}}],"collection":[{"href":"https:\/\/therapeia-yhteiso.fi\/saatio\/wp-json\/wp\/v2\/product"}],"about":[{"href":"https:\/\/therapeia-yhteiso.fi\/saatio\/wp-json\/wp\/v2\/types\/product"}],"wp:featuredmedia":[{"embeddable":true,"href":"https:\/\/therapeia-yhteiso.fi\/saatio\/wp-json\/wp\/v2\/media\/4503"}],"wp:attachment":[{"href":"https:\/\/therapeia-yhteiso.fi\/saatio\/wp-json\/wp\/v2\/media?parent=4478"}],"wp:term":[{"taxonomy":"product_brand","embeddable":true,"href":"https:\/\/therapeia-yhteiso.fi\/saatio\/wp-json\/wp\/v2\/product_brand?post=4478"},{"taxonomy":"product_cat","embeddable":true,"href":"https:\/\/therapeia-yhteiso.fi\/saatio\/wp-json\/wp\/v2\/product_cat?post=4478"},{"taxonomy":"product_tag","embeddable":true,"href":"https:\/\/therapeia-yhteiso.fi\/saatio\/wp-json\/wp\/v2\/product_tag?post=4478"}],"curies":[{"name":"wp","href":"https:\/\/api.w.org\/{rel}","templated":true}]}}