{"id":4477,"date":"2006-02-24T14:54:39","date_gmt":"2006-02-24T12:54:39","guid":{"rendered":"http:\/\/therapeia-yhteiso.fi\/saatio\/?post_type=product&#038;p=4477"},"modified":"2025-10-13T13:17:03","modified_gmt":"2025-10-13T10:17:03","slug":"lehtovuori-pirjo-kyllin-lahella-riittavan-kaukana-tutkielma-nro-1","status":"publish","type":"product","link":"https:\/\/therapeia-yhteiso.fi\/saatio\/tuote\/lehtovuori-pirjo-kyllin-lahella-riittavan-kaukana-tutkielma-nro-1\/","title":{"rendered":"Lehtovuori Pirjo : \u201dKyllin l\u00e4hell\u00e4 \u2013 riitt\u00e4v\u00e4n kaukana\u201d. Tutkielma nro 1"},"content":{"rendered":"<p align=\"left\"><strong>Pirjo Lehtovuori , 2006, 48 s.<\/strong><\/p>\n<p>PsL, psykoanalyytikko Pirjo Lehtovuori tarkastelee tutkielmassaan psykoanalyyttisen psykoterapiaprosessin mahdollistamaa varhaisten vaille j\u00e4\u00e4misten hoidollista kohtaamista. Painopisto on terapeutti-potilas -vuorovaikutussuhteen erityislaadun kuvaamisessa. Keskeiset psykoanalyyttisen psykoterapian perusk\u00e4sitteet, mm. transferenssi, vastatransferenssi ja vastarinta, nivoutuvat varhaiseen vaille j\u00e4\u00e4miseen liittyvien potilasesimerkkien kautta psykoterapeuttisen hoitosuhteen k\u00e4yt\u00e4nn\u00f6nl\u00e4hieiseen ja teoreettiseen tarkasteluun.<\/p>\n<p align=\"left\">Kattavana psykoterapiaprosessin etenemisen kuvauksena tutkielma soveltuu hyvin psykoterapeuttien opetuksessa k\u00e4ytett\u00e4v\u00e4ksi ja on antoisa laajemmallekin lukijakunnalle kuvauksena siit\u00e4, mist\u00e4 terapeuttisessa vuorovaikutuksessa on kysymys.<\/p>\n<p align=\"left\">Pirjo Lehtovuoren koulutusanalyytikkotutkielma julkaistaan ensimm\u00e4isen\u00e4 teoksena Therapeia-s\u00e4\u00e4ti\u00f6n tutkielmia-julkaisusarjassa.<\/p>\n","protected":false},"excerpt":{"rendered":"<p>Pirjo Lehtovuori , 2006, 48 s. PsL, psykoanalyytikko Pirjo Lehtovuori tarkastelee tutkielmassaan psykoanalyyttisen psykoterapiaprosessin mahdollistamaa varhaisten vaille j\u00e4\u00e4misten hoidollista kohtaamista. Painopisto on terapeutti-potilas -vuorovaikutussuhteen erityislaadun kuvaamisessa. Keskeiset psykoanalyyttisen psykoterapian perusk\u00e4sitteet, mm. transferenssi, vastatransferenssi ja vastarinta, nivoutuvat varhaiseen vaille j\u00e4\u00e4miseen liittyvien potilasesimerkkien kautta psykoterapeuttisen hoitosuhteen k\u00e4yt\u00e4nn\u00f6nl\u00e4hieiseen ja teoreettiseen tarkasteluun. Kattavana psykoterapiaprosessin etenemisen kuvauksena tutkielma soveltuu hyvin [&hellip;]<\/p>\n","protected":false},"featured_media":4501,"template":"","meta":{"_acf_changed":false},"product_brand":[],"product_cat":[225],"product_tag":[],"class_list":{"0":"post-4477","1":"product","2":"type-product","3":"status-publish","4":"has-post-thumbnail","6":"product_cat-yleinen","8":"first","9":"instock","10":"taxable","11":"shipping-taxable","12":"purchasable","13":"product-type-simple"},"acf":[],"aioseo_notices":[],"_links":{"self":[{"href":"https:\/\/therapeia-yhteiso.fi\/saatio\/wp-json\/wp\/v2\/product\/4477","targetHints":{"allow":["GET"]}}],"collection":[{"href":"https:\/\/therapeia-yhteiso.fi\/saatio\/wp-json\/wp\/v2\/product"}],"about":[{"href":"https:\/\/therapeia-yhteiso.fi\/saatio\/wp-json\/wp\/v2\/types\/product"}],"wp:featuredmedia":[{"embeddable":true,"href":"https:\/\/therapeia-yhteiso.fi\/saatio\/wp-json\/wp\/v2\/media\/4501"}],"wp:attachment":[{"href":"https:\/\/therapeia-yhteiso.fi\/saatio\/wp-json\/wp\/v2\/media?parent=4477"}],"wp:term":[{"taxonomy":"product_brand","embeddable":true,"href":"https:\/\/therapeia-yhteiso.fi\/saatio\/wp-json\/wp\/v2\/product_brand?post=4477"},{"taxonomy":"product_cat","embeddable":true,"href":"https:\/\/therapeia-yhteiso.fi\/saatio\/wp-json\/wp\/v2\/product_cat?post=4477"},{"taxonomy":"product_tag","embeddable":true,"href":"https:\/\/therapeia-yhteiso.fi\/saatio\/wp-json\/wp\/v2\/product_tag?post=4477"}],"curies":[{"name":"wp","href":"https:\/\/api.w.org\/{rel}","templated":true}]}}