{"id":4476,"date":"2006-02-25T14:50:41","date_gmt":"2006-02-25T12:50:41","guid":{"rendered":"http:\/\/therapeia-yhteiso.fi\/saatio\/?post_type=product&#038;p=4476"},"modified":"2025-10-13T13:16:52","modified_gmt":"2025-10-13T10:16:52","slug":"broden-margareta-raskausajan-mahdollisuudet","status":"publish","type":"product","link":"https:\/\/therapeia-yhteiso.fi\/saatio\/tuote\/broden-margareta-raskausajan-mahdollisuudet\/","title":{"rendered":"Brod\u00e9n Margareta : Raskausajan mahdollisuudet"},"content":{"rendered":"<p align=\"left\"><strong>Margareta Brod\u00e9n: Raskausajan mahdollisuudet, 2006, 300 s.<\/strong><\/p>\n<p>Raskausaika on t\u00e4rke\u00e4 vaihe, jossa on mahdollisuus muutokseen ja suhteiden kehittymiseen. Lapsi tulee maailmaan, naisesta ja miehest\u00e4 tulee vanhemmat, syntyy perhe. Odotusaikana tuleva \u00e4iti ja is\u00e4 ovat tunteiltaan avoimia. T\u00e4m\u00e4 avoimuus saatta kuitenkin tuoda pintaan pelottavia, kipeit\u00e4 asioita, jolloin synnytyst\u00e4 odotetaan jopa kauhulla. Tunne-el\u00e4m\u00e4n myllerrys antaa mahdollisuuden kohdata pelkoja, mutta my\u00f6s l\u00f6yt\u00e4\u00e4 rakentavia, lohduttavia muistoja el\u00e4m\u00e4n ja ihmissuhteiden uudelleenarvioimiseksi.<\/p>\n<p align=\"left\">Brod\u00e9nin kirja puhuttelee kaikkia, jotka eri tavoin ty\u00f6skentelev\u00e4t lasta odottavien perheiden kanssa. Siin\u00e4 kuvataan ajattelutapaa ja menetelmi\u00e4, joiden avulla voidaan auttaa vanhempia ottamaan vastaan lapsensa, helpottaa lapsen tulemista osaksi perhett\u00e4\u00e4n, merkitykselliseksi vanhemipiensa mieless\u00e4 ja arkiel\u00e4m\u00e4ss\u00e4 silloinkin, kun tilanne n\u00e4ytt\u00e4\u00e4 melkein toivottomalta.<\/p>\n<p align=\"left\">Margareta Brod\u00e9n on psykologi ja psykoterapeutti, joka on kirjoittanut v\u00e4it\u00f6skirjan varhaisen vuorovaikutusken hoidosta. H\u00e4n huomasi ty\u00f6ss\u00e4\u00e4n jo varhain, ett\u00e4 lasten ja perheiden ongelmiin tartutaan usein liian my\u00f6sh\u00e4\u00e4n. Niinp\u00e4 h\u00e4n on suunnannut tutkimusta ja hoitoa aina vain varhaisempiin vaiheisiin toiminnassaan Malm\u00f6ss\u00e4 lastenpsykiatrisessa avohoitoyksik\u00f6ss\u00e4, Victoriag\u00e5rdenissa. H\u00e4n on my\u00f6s arvostettu kouluttaja.<\/p>\n","protected":false},"excerpt":{"rendered":"<p>Margareta Brod\u00e9n: Raskausajan mahdollisuudet, 2006, 300 s. Raskausaika on t\u00e4rke\u00e4 vaihe, jossa on mahdollisuus muutokseen ja suhteiden kehittymiseen. Lapsi tulee maailmaan, naisesta ja miehest\u00e4 tulee vanhemmat, syntyy perhe. Odotusaikana tuleva \u00e4iti ja is\u00e4 ovat tunteiltaan avoimia. T\u00e4m\u00e4 avoimuus saatta kuitenkin tuoda pintaan pelottavia, kipeit\u00e4 asioita, jolloin synnytyst\u00e4 odotetaan jopa kauhulla. Tunne-el\u00e4m\u00e4n myllerrys antaa mahdollisuuden kohdata [&hellip;]<\/p>\n","protected":false},"featured_media":4499,"template":"","meta":{"_acf_changed":false},"product_brand":[],"product_cat":[225],"product_tag":[],"class_list":{"0":"post-4476","1":"product","2":"type-product","3":"status-publish","4":"has-post-thumbnail","6":"product_cat-yleinen","8":"first","9":"instock","10":"taxable","11":"shipping-taxable","12":"purchasable","13":"product-type-simple"},"acf":[],"aioseo_notices":[],"_links":{"self":[{"href":"https:\/\/therapeia-yhteiso.fi\/saatio\/wp-json\/wp\/v2\/product\/4476","targetHints":{"allow":["GET"]}}],"collection":[{"href":"https:\/\/therapeia-yhteiso.fi\/saatio\/wp-json\/wp\/v2\/product"}],"about":[{"href":"https:\/\/therapeia-yhteiso.fi\/saatio\/wp-json\/wp\/v2\/types\/product"}],"wp:featuredmedia":[{"embeddable":true,"href":"https:\/\/therapeia-yhteiso.fi\/saatio\/wp-json\/wp\/v2\/media\/4499"}],"wp:attachment":[{"href":"https:\/\/therapeia-yhteiso.fi\/saatio\/wp-json\/wp\/v2\/media?parent=4476"}],"wp:term":[{"taxonomy":"product_brand","embeddable":true,"href":"https:\/\/therapeia-yhteiso.fi\/saatio\/wp-json\/wp\/v2\/product_brand?post=4476"},{"taxonomy":"product_cat","embeddable":true,"href":"https:\/\/therapeia-yhteiso.fi\/saatio\/wp-json\/wp\/v2\/product_cat?post=4476"},{"taxonomy":"product_tag","embeddable":true,"href":"https:\/\/therapeia-yhteiso.fi\/saatio\/wp-json\/wp\/v2\/product_tag?post=4476"}],"curies":[{"name":"wp","href":"https:\/\/api.w.org\/{rel}","templated":true}]}}