{"id":4474,"date":"2007-01-24T14:48:19","date_gmt":"2007-01-24T12:48:19","guid":{"rendered":"http:\/\/therapeia-yhteiso.fi\/saatio\/?post_type=product&#038;p=4474"},"modified":"2025-10-13T13:16:38","modified_gmt":"2025-10-13T10:16:38","slug":"wallerstein-judith-ym-avioeron-perinto-eron-lapset-aikuisina","status":"publish","type":"product","link":"https:\/\/therapeia-yhteiso.fi\/saatio\/tuote\/wallerstein-judith-ym-avioeron-perinto-eron-lapset-aikuisina\/","title":{"rendered":"Wallerstein Judith ym.: Avioeron perint\u00f6 &#8211; eron lapset aikuisina"},"content":{"rendered":"<p align=\"left\"><strong>Judith Wallerstein, Julia Lewis ja Sandra Blakeslee, 2007, 339 S.<\/strong><\/p>\n<p>T\u00e4m\u00e4 kirja on jokaiselle, joka joutuu tekemisiin avioeron kanssa. Kun kirja julkaistiin Yhdysvalloissa 2000-luvun alussa, se sai valtaisan julkisuuden. Wallerstein rikkoo yleiset myytit avioeron vaikutuksista lapseen.<\/p>\n<p align=\"left\">Judith S. Wallerstein kertoo avioeron pitk\u00e4aikaisista vaikutuksista lapsiin. Wallersteinin tutkimusryhm\u00e4 seurasi eron lapsia jopa 25 vuotta. H\u00e4n kertoo lasten kohtaloista, jotka havainnollistavat el\u00e4v\u00e4mmin kuin mik\u00e4\u00e4n tilasto, miten lapsi kokee avioeron. Usein unohdetaan, ett\u00e4 avioero merkitsee eri asioita aikuisille ja lapsille.<\/p>\n<p align=\"left\">Wallerteinin mielest\u00e4 avioerolapset maksavat vanhempiensa vapaudesta karvaasti; kohtalokkainta on, mik\u00e4li lapselle kehittyy aikuisena vaikeus luoda hyvi\u00e4 ja kest\u00e4vi\u00e4 parisuhteita. H\u00e4n kannustaa vakavasti pariskuntia pysym\u00e4\u00e4n naimisissa, jos heill\u00e4 on lapsia. H\u00e4n antaa my\u00f6s k\u00e4yt\u00e4nn\u00f6nl\u00e4heisi\u00e4 ohjeita, kuinka lapset otetaan erossa huomioon.<\/p>\n<p align=\"left\">Avoin keskustelu t\u00e4st\u00e4 nykyp\u00e4iv\u00e4n\u00e4 niin tavallisesta perhetilanteesta olisi t\u00e4rke\u00e4\u00e4 sek\u00e4 yhteiskunnallisella tasolla ett\u00e4 psykoterapeuttista ty\u00f6t\u00e4 tekevien kesken. My\u00f6s vanhemmat olisi saatava keskusteluun mukaan.<\/p>\n","protected":false},"excerpt":{"rendered":"<p>Judith Wallerstein, Julia Lewis ja Sandra Blakeslee, 2007, 339 S. T\u00e4m\u00e4 kirja on jokaiselle, joka joutuu tekemisiin avioeron kanssa. Kun kirja julkaistiin Yhdysvalloissa 2000-luvun alussa, se sai valtaisan julkisuuden. Wallerstein rikkoo yleiset myytit avioeron vaikutuksista lapseen. Judith S. Wallerstein kertoo avioeron pitk\u00e4aikaisista vaikutuksista lapsiin. Wallersteinin tutkimusryhm\u00e4 seurasi eron lapsia jopa 25 vuotta. H\u00e4n kertoo lasten [&hellip;]<\/p>\n","protected":false},"featured_media":4475,"template":"","meta":{"_acf_changed":false},"product_brand":[],"product_cat":[225],"product_tag":[],"class_list":{"0":"post-4474","1":"product","2":"type-product","3":"status-publish","4":"has-post-thumbnail","6":"product_cat-yleinen","8":"first","9":"instock","10":"sale","11":"taxable","12":"shipping-taxable","13":"purchasable","14":"product-type-simple"},"acf":[],"aioseo_notices":[],"_links":{"self":[{"href":"https:\/\/therapeia-yhteiso.fi\/saatio\/wp-json\/wp\/v2\/product\/4474","targetHints":{"allow":["GET"]}}],"collection":[{"href":"https:\/\/therapeia-yhteiso.fi\/saatio\/wp-json\/wp\/v2\/product"}],"about":[{"href":"https:\/\/therapeia-yhteiso.fi\/saatio\/wp-json\/wp\/v2\/types\/product"}],"wp:featuredmedia":[{"embeddable":true,"href":"https:\/\/therapeia-yhteiso.fi\/saatio\/wp-json\/wp\/v2\/media\/4475"}],"wp:attachment":[{"href":"https:\/\/therapeia-yhteiso.fi\/saatio\/wp-json\/wp\/v2\/media?parent=4474"}],"wp:term":[{"taxonomy":"product_brand","embeddable":true,"href":"https:\/\/therapeia-yhteiso.fi\/saatio\/wp-json\/wp\/v2\/product_brand?post=4474"},{"taxonomy":"product_cat","embeddable":true,"href":"https:\/\/therapeia-yhteiso.fi\/saatio\/wp-json\/wp\/v2\/product_cat?post=4474"},{"taxonomy":"product_tag","embeddable":true,"href":"https:\/\/therapeia-yhteiso.fi\/saatio\/wp-json\/wp\/v2\/product_tag?post=4474"}],"curies":[{"name":"wp","href":"https:\/\/api.w.org\/{rel}","templated":true}]}}