{"id":4471,"date":"2007-02-25T14:45:15","date_gmt":"2007-02-25T12:45:15","guid":{"rendered":"http:\/\/therapeia-yhteiso.fi\/saatio\/?post_type=product&#038;p=4471"},"modified":"2025-10-13T13:16:06","modified_gmt":"2025-10-13T10:16:06","slug":"lastenpsykoterapia-ja-sen-vuorovaikutukselliset-ulottuvuudet-toim-marja-schulman-mirjam-kalland-anna-maija-leiman-ja-pirkko-siltala","status":"publish","type":"product","link":"https:\/\/therapeia-yhteiso.fi\/saatio\/tuote\/lastenpsykoterapia-ja-sen-vuorovaikutukselliset-ulottuvuudet-toim-marja-schulman-mirjam-kalland-anna-maija-leiman-ja-pirkko-siltala\/","title":{"rendered":"Lastenpsykoterapia ja sen vuorovaikutukselliset ulottuvuudet. Toim. Marja Schulman, Mirjam Kalland, Anna-Maija Leiman ja Pirkko Siltala"},"content":{"rendered":"<p><strong>Toim. Marja Schulman, Mirjam Kalland, Anna-Maija Leiman ja Pirkko Siltala, 2007, 453 s. <\/strong><\/p>\n<p>Lapsen kasvu aikuiseksi on parhaimmillaankin pitk\u00e4, haasteellinen ja toisinaan kivulias prosessi. Useimmiten lapsi saa t\u00e4h\u00e4n riitt\u00e4v\u00e4sti tukea omilta vanhemmiltaan ja v\u00e4litt\u00f6m\u00e4st\u00e4 kasvuymp\u00e4rist\u00f6st\u00e4\u00e4n. Mutta toisinaan lapsi kohtaa liian paljon haasteita liian varhain, tai\u00a0 tapahtuu jotain traumaattista kehitysvaiheissa, joissa h\u00e4n on erityisen haavoittuva. N\u00e4it\u00e4 lapsen kohtaamia haasteita voivat olla esimerkiksi sairauden, kuoleman tai perheen hajoamisen aiheuttama perheenj\u00e4senen menetys, lapsen oma sairaus tai\u00a0 lapsen adoptio- tai sijoitustausta. Kasvuolosuhteiden vaikeutumisen ja vanhempien psyykkisten voimavarojen heikentymisen seurauksena\u00a0 lapsi on voinut\u00a0 j\u00e4\u00e4d\u00e4\u00a0 selviytym\u00e4\u00e4n liiaksi oman itsens\u00e4 varaan ilman ett\u00e4 h\u00e4nen pahaa oloaan on tavoitettu.\u00a0 Silloin lapsi saattaa tarvita psykoterapeuttista hoitoa.<\/p>\n<p>Lastenpsykoterapia onkin viimeisten vuosikymmenten ajan kasvanut yh\u00e4 t\u00e4rke\u00e4mm\u00e4ksi osaksi psykoterapeuttisia hoitoja, ja se poikkeaa monella tavalla aikuisten hoidosta. Aikuispsykoterapiassa sopimuksen osapuolina on kaksi aikuista. Lastenpsykoterapiassa lapsen ja terapeutin lis\u00e4ksi osapuolina ovat lapsen vanhemmat tai lapsen hoidosta vastaavat aikuiset. Lastenpsykoterapia her\u00e4tt\u00e4\u00e4kin monia kysymyksi\u00e4. Miten lapsi ymm\u00e4rt\u00e4\u00e4 terapian ja sen puitteet? Kuinka lapsi ty\u00f6st\u00e4\u00e4 kokemuksiaan psykoterapiassa?\u00a0\u00a0 Onko lasten psykoterapialla vaikutusta lapsen kehitykseen? Mit\u00e4 tarkoittaa vanhempien kanssa teht\u00e4v\u00e4 ty\u00f6?\u00a0 Millaiseksi muodostuu\u00a0 lapsen ja terapeutin v\u00e4linen suhde?<\/p>\n<p>Kirjan tavoite on\u00a0 tutustuttaa lukija k\u00e4yt\u00e4nn\u00f6nl\u00e4heisell\u00e4 tavalla lastenpsykoterapiaan, sen l\u00e4ht\u00f6kohtiin, tavoitteisiin ja prosessiin. Kirjassa on my\u00f6s monta koskettavaa tarinaa lapsesta, lapsen tavasta kertoa k\u00e4rsimyksist\u00e4\u00e4n, sek\u00e4 eheytymisest\u00e4. Kirja on tarkoitettu lastenpsykoterapiaa opiskeleville, lastenpsykoterapeuteille ja muille\u00a0 ammattihenkil\u00f6ille sek\u00e4 lastenpsykoterapiasta kiinnostuneille.<\/p>\n","protected":false},"excerpt":{"rendered":"<p>Toim. Marja Schulman, Mirjam Kalland, Anna-Maija Leiman ja Pirkko Siltala, 2007, 453 s. Lapsen kasvu aikuiseksi on parhaimmillaankin pitk\u00e4, haasteellinen ja toisinaan kivulias prosessi. Useimmiten lapsi saa t\u00e4h\u00e4n riitt\u00e4v\u00e4sti tukea omilta vanhemmiltaan ja v\u00e4litt\u00f6m\u00e4st\u00e4 kasvuymp\u00e4rist\u00f6st\u00e4\u00e4n. Mutta toisinaan lapsi kohtaa liian paljon haasteita liian varhain, tai\u00a0 tapahtuu jotain traumaattista kehitysvaiheissa, joissa h\u00e4n on erityisen haavoittuva. N\u00e4it\u00e4 [&hellip;]<\/p>\n","protected":false},"featured_media":4498,"template":"","meta":{"_acf_changed":false},"product_brand":[],"product_cat":[225],"product_tag":[],"class_list":{"0":"post-4471","1":"product","2":"type-product","3":"status-publish","4":"has-post-thumbnail","6":"product_cat-yleinen","8":"first","9":"instock","10":"taxable","11":"shipping-taxable","12":"purchasable","13":"product-type-simple"},"acf":[],"aioseo_notices":[],"_links":{"self":[{"href":"https:\/\/therapeia-yhteiso.fi\/saatio\/wp-json\/wp\/v2\/product\/4471","targetHints":{"allow":["GET"]}}],"collection":[{"href":"https:\/\/therapeia-yhteiso.fi\/saatio\/wp-json\/wp\/v2\/product"}],"about":[{"href":"https:\/\/therapeia-yhteiso.fi\/saatio\/wp-json\/wp\/v2\/types\/product"}],"wp:featuredmedia":[{"embeddable":true,"href":"https:\/\/therapeia-yhteiso.fi\/saatio\/wp-json\/wp\/v2\/media\/4498"}],"wp:attachment":[{"href":"https:\/\/therapeia-yhteiso.fi\/saatio\/wp-json\/wp\/v2\/media?parent=4471"}],"wp:term":[{"taxonomy":"product_brand","embeddable":true,"href":"https:\/\/therapeia-yhteiso.fi\/saatio\/wp-json\/wp\/v2\/product_brand?post=4471"},{"taxonomy":"product_cat","embeddable":true,"href":"https:\/\/therapeia-yhteiso.fi\/saatio\/wp-json\/wp\/v2\/product_cat?post=4471"},{"taxonomy":"product_tag","embeddable":true,"href":"https:\/\/therapeia-yhteiso.fi\/saatio\/wp-json\/wp\/v2\/product_tag?post=4471"}],"curies":[{"name":"wp","href":"https:\/\/api.w.org\/{rel}","templated":true}]}}