{"id":4469,"date":"2008-02-25T14:18:59","date_gmt":"2008-02-25T12:18:59","guid":{"rendered":"http:\/\/therapeia-yhteiso.fi\/saatio\/?post_type=product&#038;p=4469"},"modified":"2025-10-13T13:15:50","modified_gmt":"2025-10-13T10:15:50","slug":"d-w-winnicott-nopo-kuvaus-pienen-tyton-psykoanalyyttisesta-hoidosta","status":"publish","type":"product","link":"https:\/\/therapeia-yhteiso.fi\/saatio\/tuote\/d-w-winnicott-nopo-kuvaus-pienen-tyton-psykoanalyyttisesta-hoidosta\/","title":{"rendered":"D.W.Winnicott: N\u00f6p\u00f6 &#8211; Kuvaus pienen tyt\u00f6n psykoanalyyttisesta hoidosta"},"content":{"rendered":"<p><strong>Ishak Ramzy (toim.), 2008, 143 s.<\/strong><\/p>\n<p>Ishak Ramzy (toim.) kirjoittaa teosesittelyss\u00e4\u00e4n: \u201dEdesmennyt tohtori Winnicott kirjoitti t\u00e4m\u00e4n intiimin ja kiehtovan tapausselostuksen laittaen sen sitten syrj\u00e4\u00e4n. Nyt, kymmenkunta vuotta my\u00f6hemmin, kun N\u00f6p\u00f6n hoito on p\u00e4\u00e4ttynyt, on lopultakin mahdollista julkaista t\u00e4m\u00e4 ainutlaatuinen tapauskertomus.\u201d<\/p>\n<p>Teos kuvaa pienen N\u00f6p\u00f6ksi kutsutun tyt\u00f6n hoitoa. N\u00f6p\u00f6 oli hoidon alkaessa hiukan yli kaksivuotias ja hoito jatkui kolmen vuoden ajan.<\/p>\n<p>Hoitokertojen kuvauksen ohella teoksessa lainataan N\u00f6p\u00f6n vanhempien Winnicottille kirjoittamia kirjeit\u00e4 sek\u00e4 t\u00e4m\u00e4n arvokkaita kommentteja niihin. Winnicottin kommentit ja muut viestit havainnollistavat hoidon kehityst\u00e4 ja h\u00e4nen teoreettista k\u00e4sityst\u00e4\u00e4n tapahtumien kulusta.<\/p>\n<p>N\u00f6p\u00f6 on eloisa kuvaus kahden ihmisen yhteisest\u00e4 ty\u00f6st\u00e4 ja leikeist\u00e4, niiden tarkoituksenmukaisesta intensiteetist\u00e4 ja ilosta. Lukijalla on harvinainen tilaisuus p\u00e4\u00e4st\u00e4 vastaanoton yksityisyyteen tutkimaan lapsen ja terapeutin ty\u00f6skentely\u00e4.<\/p>\n<p>Kirja on antoisaa luettavaa lasten kanssa ty\u00f6skenteleville ammattilaisille sek\u00e4 kaikille lapsista ja heid\u00e4n kehityksest\u00e4\u00e4n kiinnostuneille.<\/p>\n","protected":false},"excerpt":{"rendered":"<p>Ishak Ramzy (toim.), 2008, 143 s. Ishak Ramzy (toim.) kirjoittaa teosesittelyss\u00e4\u00e4n: \u201dEdesmennyt tohtori Winnicott kirjoitti t\u00e4m\u00e4n intiimin ja kiehtovan tapausselostuksen laittaen sen sitten syrj\u00e4\u00e4n. Nyt, kymmenkunta vuotta my\u00f6hemmin, kun N\u00f6p\u00f6n hoito on p\u00e4\u00e4ttynyt, on lopultakin mahdollista julkaista t\u00e4m\u00e4 ainutlaatuinen tapauskertomus.\u201d Teos kuvaa pienen N\u00f6p\u00f6ksi kutsutun tyt\u00f6n hoitoa. N\u00f6p\u00f6 oli hoidon alkaessa hiukan yli kaksivuotias ja [&hellip;]<\/p>\n","protected":false},"featured_media":4470,"template":"","meta":{"_acf_changed":false},"product_brand":[],"product_cat":[225],"product_tag":[],"class_list":{"0":"post-4469","1":"product","2":"type-product","3":"status-publish","4":"has-post-thumbnail","6":"product_cat-yleinen","8":"first","9":"instock","10":"taxable","11":"shipping-taxable","12":"purchasable","13":"product-type-simple"},"acf":[],"aioseo_notices":[],"_links":{"self":[{"href":"https:\/\/therapeia-yhteiso.fi\/saatio\/wp-json\/wp\/v2\/product\/4469","targetHints":{"allow":["GET"]}}],"collection":[{"href":"https:\/\/therapeia-yhteiso.fi\/saatio\/wp-json\/wp\/v2\/product"}],"about":[{"href":"https:\/\/therapeia-yhteiso.fi\/saatio\/wp-json\/wp\/v2\/types\/product"}],"wp:featuredmedia":[{"embeddable":true,"href":"https:\/\/therapeia-yhteiso.fi\/saatio\/wp-json\/wp\/v2\/media\/4470"}],"wp:attachment":[{"href":"https:\/\/therapeia-yhteiso.fi\/saatio\/wp-json\/wp\/v2\/media?parent=4469"}],"wp:term":[{"taxonomy":"product_brand","embeddable":true,"href":"https:\/\/therapeia-yhteiso.fi\/saatio\/wp-json\/wp\/v2\/product_brand?post=4469"},{"taxonomy":"product_cat","embeddable":true,"href":"https:\/\/therapeia-yhteiso.fi\/saatio\/wp-json\/wp\/v2\/product_cat?post=4469"},{"taxonomy":"product_tag","embeddable":true,"href":"https:\/\/therapeia-yhteiso.fi\/saatio\/wp-json\/wp\/v2\/product_tag?post=4469"}],"curies":[{"name":"wp","href":"https:\/\/api.w.org\/{rel}","templated":true}]}}