{"id":4468,"date":"2009-06-25T14:18:00","date_gmt":"2009-06-25T11:18:00","guid":{"rendered":"http:\/\/therapeia-yhteiso.fi\/saatio\/?post_type=product&#038;p=4468"},"modified":"2025-10-13T13:15:39","modified_gmt":"2025-10-13T10:15:39","slug":"jukka-aaltonen-leijan-varjo-esseita-psykoterapian-ulottuvuuksista","status":"publish","type":"product","link":"https:\/\/therapeia-yhteiso.fi\/saatio\/tuote\/jukka-aaltonen-leijan-varjo-esseita-psykoterapian-ulottuvuuksista\/","title":{"rendered":"Jukka Aaltonen: Leijan varjo. Esseit\u00e4 psykoterapian ulottuvuuksista"},"content":{"rendered":"<p><strong>Jukka Aaltonen, 2009, 211 s.<\/strong><\/p>\n<p>\u201dNarratiivisuus ja leijan varjo\u201d sek\u00e4 muut Jukka Aaltosen mainiot esseet viev\u00e4t lukijan psykotera-peuttiselle kulttuurimatkalle, jossa liikutaan yht\u00e4 lailla kirjallisuuden, kuvataiteiden, filosofian, yhteiskunta- ja terveyspolitiikan virtauksissa kuin psykiatrian ja psykoterapian peruskysymyksiss\u00e4 sek\u00e4 meit\u00e4 kaikkia koskettaneissa ajankohtaisissa tapahtumissa. N\u00e4k\u00f6kulmien vaihtuessa tututkin arjen ilmi\u00f6t alkavat kiehtoa. Ter\u00e4v\u00e4n analyysin ja kriittisen tarkastelun rinnalla v\u00e4littyy tunneyhteys pohdinnassa oleviin ilmi\u00f6ihin. Kirjoituksissa on t\u00e4m\u00e4n my\u00f6t\u00e4 vahva l\u00e4sn\u00e4olemisen ja dialogisuuden tuntu, joka avartaa my\u00f6s lukijalle mahdollisuuden tutkiskella tuoreella tavalla ajatuksiaan, tunteitaan ja k\u00e4sityksi\u00e4\u00e4n meist\u00e4 ihmisist\u00e4 ja yhteis\u00f6st\u00e4mme.<\/p>\n<p>Kirjan nelj\u00e4ss\u00e4 keskeisess\u00e4 teemassa kirjoittaja vie lukijan pohtimaan kanssaan mm. \u201dskitsofrenian huokoisuutta\u201d ja itsem\u00e4\u00e4r\u00e4\u00e4misoikeuden s\u00e4ilytt\u00e4misen mahdollisuuksia, psykoterapian yhteis-kunnallisia tavoitteita, \u201dsilleen j\u00e4tt\u00e4mist\u00e4 ja n\u00e4ytt\u00f6\u00f6n perustuvaa k\u00e4sitteiden venymist\u00e4\u201d \u2013 ja sokerina pohjalla, kaunokirjallisuuden v\u00e4ltt\u00e4m\u00e4tt\u00f6myytt\u00e4 ihmisen ymm\u00e4rt\u00e4misen ehtona.<\/p>\n<p>Esseekokoelma perustuu psykiatrian professori Jukka Aaltosen Perheterapia-lehdess\u00e4 useiden vuosien aikana julkaistuihin kiiteltyihin kolumneihin.<\/p>\n","protected":false},"excerpt":{"rendered":"<p>Jukka Aaltonen, 2009, 211 s. \u201dNarratiivisuus ja leijan varjo\u201d sek\u00e4 muut Jukka Aaltosen mainiot esseet viev\u00e4t lukijan psykotera-peuttiselle kulttuurimatkalle, jossa liikutaan yht\u00e4 lailla kirjallisuuden, kuvataiteiden, filosofian, yhteiskunta- ja terveyspolitiikan virtauksissa kuin psykiatrian ja psykoterapian peruskysymyksiss\u00e4 sek\u00e4 meit\u00e4 kaikkia koskettaneissa ajankohtaisissa tapahtumissa. N\u00e4k\u00f6kulmien vaihtuessa tututkin arjen ilmi\u00f6t alkavat kiehtoa. Ter\u00e4v\u00e4n analyysin ja kriittisen tarkastelun rinnalla v\u00e4littyy [&hellip;]<\/p>\n","protected":false},"featured_media":4497,"template":"","meta":{"_acf_changed":false},"product_brand":[],"product_cat":[225],"product_tag":[],"class_list":{"0":"post-4468","1":"product","2":"type-product","3":"status-publish","4":"has-post-thumbnail","6":"product_cat-yleinen","8":"first","9":"instock","10":"taxable","11":"shipping-taxable","12":"purchasable","13":"product-type-simple"},"acf":[],"aioseo_notices":[],"_links":{"self":[{"href":"https:\/\/therapeia-yhteiso.fi\/saatio\/wp-json\/wp\/v2\/product\/4468","targetHints":{"allow":["GET"]}}],"collection":[{"href":"https:\/\/therapeia-yhteiso.fi\/saatio\/wp-json\/wp\/v2\/product"}],"about":[{"href":"https:\/\/therapeia-yhteiso.fi\/saatio\/wp-json\/wp\/v2\/types\/product"}],"wp:featuredmedia":[{"embeddable":true,"href":"https:\/\/therapeia-yhteiso.fi\/saatio\/wp-json\/wp\/v2\/media\/4497"}],"wp:attachment":[{"href":"https:\/\/therapeia-yhteiso.fi\/saatio\/wp-json\/wp\/v2\/media?parent=4468"}],"wp:term":[{"taxonomy":"product_brand","embeddable":true,"href":"https:\/\/therapeia-yhteiso.fi\/saatio\/wp-json\/wp\/v2\/product_brand?post=4468"},{"taxonomy":"product_cat","embeddable":true,"href":"https:\/\/therapeia-yhteiso.fi\/saatio\/wp-json\/wp\/v2\/product_cat?post=4468"},{"taxonomy":"product_tag","embeddable":true,"href":"https:\/\/therapeia-yhteiso.fi\/saatio\/wp-json\/wp\/v2\/product_tag?post=4468"}],"curies":[{"name":"wp","href":"https:\/\/api.w.org\/{rel}","templated":true}]}}