{"id":4445,"date":"2012-12-05T15:11:37","date_gmt":"2012-12-05T13:11:37","guid":{"rendered":"http:\/\/therapeia-yhteiso.fi\/saatio\/?post_type=product&#038;p=4445"},"modified":"2025-10-13T13:14:03","modified_gmt":"2025-10-13T10:14:03","slug":"lauveng-arnhild-huomenna-olin-aina-leijona","status":"publish","type":"product","link":"https:\/\/therapeia-yhteiso.fi\/saatio\/tuote\/lauveng-arnhild-huomenna-olin-aina-leijona\/","title":{"rendered":"Lauveng Arnhild : Huomenna olin aina leijona"},"content":{"rendered":"<p>H\u00e4mm\u00e4stytt\u00e4v\u00e4n avoin omael\u00e4m\u00e4nkerrallinen teos, jossa l\u00e4hes mahdottomasta tulee mahdollista. Murrosi\u00e4ss\u00e4 skitsofreniaan sairastuneen Arnhild Lauvengin tarina siit\u00e4, miten h\u00e4n musertavan diagnoosin, itsetuhoisen sairastamisen ja l\u00e4hes kymmenen sairaalavuoden j\u00e4lkeen palasi takaisin el\u00e4m\u00e4\u00e4n.<\/p>\n<p>Kyseess\u00e4 on koskettava kertomus, miten on mahdollista voittaa, ei vain el\u00e4m\u00e4npituisena pidetty sairaus vaan my\u00f6s terveydenhoitoj\u00e4rjestelm\u00e4, jonka armoilla mielenterveyspotilaat ovat. T\u00e4m\u00e4 teos on vakuuttava todiste siit\u00e4, ett\u00e4 skitsofrenian kanssa voi el\u00e4\u00e4, ett\u00e4 se on mahdollista jopa voittaa.<\/p>\n<p><em>Arnhild Lauveng (s. 1972) on opiskellut Oslon yliopistossa ja ty\u00f6skentelee nyky\u00e4\u00e4n kliinisen\u00e4 psykologina. H\u00e4n on menestynyt kirjailija ja suosittu puhuja sek\u00e4 tunnettu ponnistuksistaan mielenterveyspotilaiden avoimemman kohtaamisen puolesta.<\/em><\/p>\n","protected":false},"excerpt":{"rendered":"<p>H\u00e4mm\u00e4stytt\u00e4v\u00e4n avoin omael\u00e4m\u00e4nkerrallinen teos, jossa l\u00e4hes mahdottomasta tulee mahdollista. Murrosi\u00e4ss\u00e4 skitsofreniaan sairastuneen Arnhild Lauvengin tarina siit\u00e4, miten h\u00e4n musertavan diagnoosin, itsetuhoisen sairastamisen ja l\u00e4hes kymmenen sairaalavuoden j\u00e4lkeen palasi takaisin el\u00e4m\u00e4\u00e4n. Kyseess\u00e4 on koskettava kertomus, miten on mahdollista voittaa, ei vain el\u00e4m\u00e4npituisena pidetty sairaus vaan my\u00f6s terveydenhoitoj\u00e4rjestelm\u00e4, jonka armoilla mielenterveyspotilaat ovat. T\u00e4m\u00e4 teos on vakuuttava todiste [&hellip;]<\/p>\n","protected":false},"featured_media":4446,"template":"","meta":{"_acf_changed":false},"product_brand":[],"product_cat":[225],"product_tag":[],"class_list":{"0":"post-4445","1":"product","2":"type-product","3":"status-publish","4":"has-post-thumbnail","6":"product_cat-yleinen","8":"first","9":"instock","10":"taxable","11":"shipping-taxable","12":"purchasable","13":"product-type-simple"},"acf":[],"aioseo_notices":[],"_links":{"self":[{"href":"https:\/\/therapeia-yhteiso.fi\/saatio\/wp-json\/wp\/v2\/product\/4445","targetHints":{"allow":["GET"]}}],"collection":[{"href":"https:\/\/therapeia-yhteiso.fi\/saatio\/wp-json\/wp\/v2\/product"}],"about":[{"href":"https:\/\/therapeia-yhteiso.fi\/saatio\/wp-json\/wp\/v2\/types\/product"}],"wp:featuredmedia":[{"embeddable":true,"href":"https:\/\/therapeia-yhteiso.fi\/saatio\/wp-json\/wp\/v2\/media\/4446"}],"wp:attachment":[{"href":"https:\/\/therapeia-yhteiso.fi\/saatio\/wp-json\/wp\/v2\/media?parent=4445"}],"wp:term":[{"taxonomy":"product_brand","embeddable":true,"href":"https:\/\/therapeia-yhteiso.fi\/saatio\/wp-json\/wp\/v2\/product_brand?post=4445"},{"taxonomy":"product_cat","embeddable":true,"href":"https:\/\/therapeia-yhteiso.fi\/saatio\/wp-json\/wp\/v2\/product_cat?post=4445"},{"taxonomy":"product_tag","embeddable":true,"href":"https:\/\/therapeia-yhteiso.fi\/saatio\/wp-json\/wp\/v2\/product_tag?post=4445"}],"curies":[{"name":"wp","href":"https:\/\/api.w.org\/{rel}","templated":true}]}}