{"id":4441,"date":"2014-02-05T13:43:54","date_gmt":"2014-02-05T11:43:54","guid":{"rendered":"http:\/\/therapeia-yhteiso.fi\/saatio\/?post_type=product&#038;p=4441"},"modified":"2025-10-13T13:13:23","modified_gmt":"2025-10-13T10:13:23","slug":"psykoanalyysi-ja-taide-pirkko-siltalan-juhlakirja","status":"publish","type":"product","link":"https:\/\/therapeia-yhteiso.fi\/saatio\/tuote\/psykoanalyysi-ja-taide-pirkko-siltalan-juhlakirja\/","title":{"rendered":"Psykoanalyysi ja taide &#8211; Pirkko Siltalan juhlakirja"},"content":{"rendered":"<p><strong>Toim. V. H\u00e4gg ja M. Lidqvist, 2012<\/strong><\/p>\n<p>Therapeia-s\u00e4\u00e4ti\u00f6 j\u00e4rjesti marraskuussa 2012 FL,\u00a0 psykoanalyytikko Pirkko Siltalan 80-vuotisp\u00e4iv\u00e4n kunniaksi juhlaseminaarin. Seminaarin aiheena oli Psykoanalyysi ja taide. Luennoitsijat edustivat sek\u00e4 psykoanalyytikoita, psykoanalyysin tutkijoita ett\u00e4 taiteilijoita. Taiteen eri muodoista olivat mukana kuvataiteet, musiikki ja kirjallisuus. T\u00e4m\u00e4 juhlakirja kokoaa yhteen tuon seminaarin antia.<\/p>\n<p><strong>Kirjoittajat:<\/strong><\/p>\n<p>Juhani Ihanus, Johannes Myyr\u00e4, Katarina Nummi-Kuisma, Tarja Pitk\u00e4nen-Walter, Pirkko Siltala, Susanna V\u00e4lim\u00e4ki, Maaria Wirkkala (kuvat)<\/p>\n<p><strong>Toimittaneet:<\/strong><\/p>\n<p>Vuokko H\u00e4gg, Marja Lindqvist<\/p>\n","protected":false},"excerpt":{"rendered":"<p>Toim. V. H\u00e4gg ja M. Lidqvist, 2012 Therapeia-s\u00e4\u00e4ti\u00f6 j\u00e4rjesti marraskuussa 2012 FL,\u00a0 psykoanalyytikko Pirkko Siltalan 80-vuotisp\u00e4iv\u00e4n kunniaksi juhlaseminaarin. Seminaarin aiheena oli Psykoanalyysi ja taide. Luennoitsijat edustivat sek\u00e4 psykoanalyytikoita, psykoanalyysin tutkijoita ett\u00e4 taiteilijoita. Taiteen eri muodoista olivat mukana kuvataiteet, musiikki ja kirjallisuus. T\u00e4m\u00e4 juhlakirja kokoaa yhteen tuon seminaarin antia. Kirjoittajat: Juhani Ihanus, Johannes Myyr\u00e4, Katarina Nummi-Kuisma, [&hellip;]<\/p>\n","protected":false},"featured_media":4442,"template":"","meta":{"_acf_changed":false},"product_brand":[],"product_cat":[225],"product_tag":[],"class_list":{"0":"post-4441","1":"product","2":"type-product","3":"status-publish","4":"has-post-thumbnail","6":"product_cat-yleinen","8":"first","9":"instock","10":"sale","11":"taxable","12":"shipping-taxable","13":"purchasable","14":"product-type-simple"},"acf":[],"aioseo_notices":[],"_links":{"self":[{"href":"https:\/\/therapeia-yhteiso.fi\/saatio\/wp-json\/wp\/v2\/product\/4441","targetHints":{"allow":["GET"]}}],"collection":[{"href":"https:\/\/therapeia-yhteiso.fi\/saatio\/wp-json\/wp\/v2\/product"}],"about":[{"href":"https:\/\/therapeia-yhteiso.fi\/saatio\/wp-json\/wp\/v2\/types\/product"}],"wp:featuredmedia":[{"embeddable":true,"href":"https:\/\/therapeia-yhteiso.fi\/saatio\/wp-json\/wp\/v2\/media\/4442"}],"wp:attachment":[{"href":"https:\/\/therapeia-yhteiso.fi\/saatio\/wp-json\/wp\/v2\/media?parent=4441"}],"wp:term":[{"taxonomy":"product_brand","embeddable":true,"href":"https:\/\/therapeia-yhteiso.fi\/saatio\/wp-json\/wp\/v2\/product_brand?post=4441"},{"taxonomy":"product_cat","embeddable":true,"href":"https:\/\/therapeia-yhteiso.fi\/saatio\/wp-json\/wp\/v2\/product_cat?post=4441"},{"taxonomy":"product_tag","embeddable":true,"href":"https:\/\/therapeia-yhteiso.fi\/saatio\/wp-json\/wp\/v2\/product_tag?post=4441"}],"curies":[{"name":"wp","href":"https:\/\/api.w.org\/{rel}","templated":true}]}}