{"id":4431,"date":"2018-01-04T14:28:29","date_gmt":"2018-01-04T12:28:29","guid":{"rendered":"http:\/\/therapeia-yhteiso.fi\/saatio\/?post_type=product&#038;p=4431"},"modified":"2025-10-13T13:12:07","modified_gmt":"2025-10-13T10:12:07","slug":"hyrck-riitta-haavoittunut-itsetunto","status":"publish","type":"product","link":"https:\/\/therapeia-yhteiso.fi\/saatio\/tuote\/hyrck-riitta-haavoittunut-itsetunto\/","title":{"rendered":"Hyrck Riitta: Haavoittunut itsetunto"},"content":{"rendered":"<p><strong>Hyrck Riitta, 2018<\/strong><\/p>\n<p><b>Haavoittunut itsetunto \u2013 ohut- ja paksunahkaisen narsistin h\u00e4pe\u00e4kokemus<\/b><\/p>\n<p>Koulutuspsykoanalyytikko Riitta Hyrck on paneutunut ty\u00f6uransa ajan narsismin k\u00e4sitteeseen sek\u00e4 teoreettisesti ett\u00e4 k\u00e4yt\u00e4nn\u00f6ss\u00e4 ty\u00f6ss\u00e4\u00e4n psykoanalyytikkona, ty\u00f6nohjaajana sek\u00e4 opiskelijoiden kouluttajana.<\/p>\n<p>T\u00e4rkeimp\u00e4n\u00e4 taustateoriana t\u00e4ss\u00e4 teoksessa on brittil\u00e4inen objektisuhdeteoria, mutta narsismia tarkastellaan my\u00f6s muiden teorioiden valossa. Riitta Hyrck havainnollistaa erilaisten potilaiden tilannetta k\u00e4ytt\u00e4m\u00e4ll\u00e4 Herbert Rosenfeltin k\u00e4sitteit\u00e4 ohutnahkainen ja paksunahkainen narsisti ja tekee samalla ymm\u00e4rrett\u00e4v\u00e4ksi\u00a0miten ylivoimaiset lapsuudenaikaiset h\u00e4pe\u00e4kokemukset saavat narsistisen potilaan suojautumaan ylivoimaisiksi koetuilta tunteilta. Teoriaa t\u00e4ydent\u00e4v\u00e4t lukuisat esimerkit eri taiteiden aloilta ja potilasty\u00f6st\u00e4<\/p>\n<p>T\u00e4t\u00e4 teosta voi l\u00e4mpim\u00e4sti suositella kaikille asiasta kiinnostuneille ja erityisesti psykoterapeuttista ty\u00f6t\u00e4 tekeville.<\/p>\n","protected":false},"excerpt":{"rendered":"<p>Hyrck Riitta, 2018 Haavoittunut itsetunto \u2013 ohut- ja paksunahkaisen narsistin h\u00e4pe\u00e4kokemus Koulutuspsykoanalyytikko Riitta Hyrck on paneutunut ty\u00f6uransa ajan narsismin k\u00e4sitteeseen sek\u00e4 teoreettisesti ett\u00e4 k\u00e4yt\u00e4nn\u00f6ss\u00e4 ty\u00f6ss\u00e4\u00e4n psykoanalyytikkona, ty\u00f6nohjaajana sek\u00e4 opiskelijoiden kouluttajana. T\u00e4rkeimp\u00e4n\u00e4 taustateoriana t\u00e4ss\u00e4 teoksessa on brittil\u00e4inen objektisuhdeteoria, mutta narsismia tarkastellaan my\u00f6s muiden teorioiden valossa. Riitta Hyrck havainnollistaa erilaisten potilaiden tilannetta k\u00e4ytt\u00e4m\u00e4ll\u00e4 Herbert Rosenfeltin k\u00e4sitteit\u00e4 ohutnahkainen [&hellip;]<\/p>\n","protected":false},"featured_media":4432,"template":"","meta":{"_acf_changed":false},"product_brand":[],"product_cat":[225],"product_tag":[],"class_list":{"0":"post-4431","1":"product","2":"type-product","3":"status-publish","4":"has-post-thumbnail","6":"product_cat-yleinen","8":"first","9":"instock","10":"taxable","11":"shipping-taxable","12":"purchasable","13":"product-type-simple"},"acf":[],"aioseo_notices":[],"_links":{"self":[{"href":"https:\/\/therapeia-yhteiso.fi\/saatio\/wp-json\/wp\/v2\/product\/4431","targetHints":{"allow":["GET"]}}],"collection":[{"href":"https:\/\/therapeia-yhteiso.fi\/saatio\/wp-json\/wp\/v2\/product"}],"about":[{"href":"https:\/\/therapeia-yhteiso.fi\/saatio\/wp-json\/wp\/v2\/types\/product"}],"wp:featuredmedia":[{"embeddable":true,"href":"https:\/\/therapeia-yhteiso.fi\/saatio\/wp-json\/wp\/v2\/media\/4432"}],"wp:attachment":[{"href":"https:\/\/therapeia-yhteiso.fi\/saatio\/wp-json\/wp\/v2\/media?parent=4431"}],"wp:term":[{"taxonomy":"product_brand","embeddable":true,"href":"https:\/\/therapeia-yhteiso.fi\/saatio\/wp-json\/wp\/v2\/product_brand?post=4431"},{"taxonomy":"product_cat","embeddable":true,"href":"https:\/\/therapeia-yhteiso.fi\/saatio\/wp-json\/wp\/v2\/product_cat?post=4431"},{"taxonomy":"product_tag","embeddable":true,"href":"https:\/\/therapeia-yhteiso.fi\/saatio\/wp-json\/wp\/v2\/product_tag?post=4431"}],"curies":[{"name":"wp","href":"https:\/\/api.w.org\/{rel}","templated":true}]}}