{"id":4423,"date":"2020-03-04T14:08:56","date_gmt":"2020-03-04T12:08:56","guid":{"rendered":"http:\/\/therapeia-yhteiso.fi\/saatio\/?post_type=product&#038;p=4423"},"modified":"2025-10-13T13:11:00","modified_gmt":"2025-10-13T10:11:00","slug":"klemela-esko-bion-tuntemattoman-psykoanalyytikko","status":"publish","type":"product","link":"https:\/\/therapeia-yhteiso.fi\/saatio\/tuote\/klemela-esko-bion-tuntemattoman-psykoanalyytikko\/","title":{"rendered":"Klemel\u00e4 Esko: Bion &#8211; tuntemattoman psykoanalyytikko"},"content":{"rendered":"<p><strong>Esko Klemel\u00e4, 2020<br \/>\nTUNTEMATTOMAN PSYKOANALYYTIKKO &#8211; <\/strong><strong>Johdantoa Wilfred R. Bionin ajatteluun \u00a0 \u00a0 \u00a0 \u00a0 \u00a0 \u00a0 \u00a0 \u00a0 \u00a0 \u00a0 \u00a0 \u00a0 \u00a0 \u00a0 \u00a0 \u00a0 \u00a0 \u00a0 \u00a0 \u00a0 \u00a0<\/strong><\/p>\n<p><i>\u201dBionin lukijan t\u00e4ytyy siet\u00e4\u00e4 omaa ymm\u00e4rt\u00e4m\u00e4tt\u00f6myytt\u00e4\u00e4n. Lukemista pit\u00e4\u00e4 jatkaa, vaikka ei heti ymm\u00e4rr\u00e4 kaikkea. T\u00e4m\u00e4 oli Bionin oma ohje. Ymm\u00e4rt\u00e4minen on tunnekokemus, joka syntyy, jos on synty\u00e4kseen. Idea on sama kuin psykoanalyytikolla, joka vastaanotollaan jatkaa kuuntelua niin kauan, ett\u00e4 ymm\u00e4rrys alkaa h\u00e4\u00e4m\u00f6tt\u00e4\u00e4. H\u00e4n voi unohtaa aikaisemmin kuulemansa ja ymm\u00e4rt\u00e4m\u00e4ns\u00e4 ja siten oppia siet\u00e4m\u00e4\u00e4n turhautumista. Taiteella on sama piirre: se vaikuttaa meihin, vaikka emme heti sit\u00e4 ymm\u00e4rr\u00e4!\u201d\u2013 Esko Klemel\u00e4<\/i>Wilfred R. Bion (1897\u20131979) on yksi aikakautemme merkitt\u00e4vimmist\u00e4 psykoanalyytikoista. H\u00e4nen kumouksellinen ajattelunsa on uudistanut k\u00e4sityksi\u00e4mme ihmismielen synnyst\u00e4, psyykkisist\u00e4 muutosprosesseista, luovuudesta, yksil\u00f6n psykodynamiikasta sek\u00e4 ryhm\u00e4ilmi\u00f6iden dynamiikasta. H\u00e4n loi useita uusia k\u00e4sitteit\u00e4 siit\u00e4, miten ihmisen mieli kasvaa tiet\u00e4misen intohimossa ja tiedostamattoman ja tietoisen vuorovaikutuksessa.Bionin ajattelun pohjalta tehd\u00e4\u00e4n koko ajan tutkimusta taiteen, kirjallisuuden, sosiologian, uskontotieteen ja taloustieteen aloilla. Bion ei anna selv\u00e4rajaisia vastauksia eik\u00e4 pureskeltuja tulkintoja \u2013 h\u00e4n her\u00e4tt\u00e4\u00e4 meid\u00e4t l\u00f6yt\u00e4m\u00e4\u00e4n yh\u00e4 uusia asioita ja oivalluksia. Juuri siin\u00e4 piilee Bionin ja h\u00e4nen ajatustensa kiehtova mysteeri.Koulutuspsykoanalyytikko ja ryhm\u00e4psykoanalyysin kouluttaja, teologian maisteri Esko Klemel\u00e4\u00a0tarjoaa t\u00e4ss\u00e4 yleisesityksen Bionista ja h\u00e4nen ty\u00f6st\u00e4\u00e4n ja teorioistaan. Klemel\u00e4n teksti nojautuu asian syv\u00e4lliseen tuntemiseen, mutta se j\u00e4tt\u00e4\u00e4 lukijalle tilaa etsi\u00e4 my\u00f6s omaa tulkintaansa. Esko Klemel\u00e4 on toiminut pitk\u00e4\u00e4n kouluttajana ja ty\u00f6nohjaajana. H\u00e4n on my\u00f6s pariterapian ja organisaatiodynamiikan asiantuntija.<\/p>\n","protected":false},"excerpt":{"rendered":"<p>Esko Klemel\u00e4, 2020 TUNTEMATTOMAN PSYKOANALYYTIKKO &#8211; Johdantoa Wilfred R. Bionin ajatteluun \u00a0 \u00a0 \u00a0 \u00a0 \u00a0 \u00a0 \u00a0 \u00a0 \u00a0 \u00a0 \u00a0 \u00a0 \u00a0 \u00a0 \u00a0 \u00a0 \u00a0 \u00a0 \u00a0 \u00a0 \u00a0 \u201dBionin lukijan t\u00e4ytyy siet\u00e4\u00e4 omaa ymm\u00e4rt\u00e4m\u00e4tt\u00f6myytt\u00e4\u00e4n. Lukemista pit\u00e4\u00e4 jatkaa, vaikka ei heti ymm\u00e4rr\u00e4 kaikkea. T\u00e4m\u00e4 oli Bionin oma ohje. Ymm\u00e4rt\u00e4minen on tunnekokemus, joka [&hellip;]<\/p>\n","protected":false},"featured_media":4424,"template":"","meta":{"_acf_changed":false},"product_brand":[],"product_cat":[225],"product_tag":[],"class_list":{"0":"post-4423","1":"product","2":"type-product","3":"status-publish","4":"has-post-thumbnail","6":"product_cat-yleinen","8":"first","9":"instock","10":"taxable","11":"shipping-taxable","12":"purchasable","13":"product-type-simple"},"acf":[],"aioseo_notices":[],"_links":{"self":[{"href":"https:\/\/therapeia-yhteiso.fi\/saatio\/wp-json\/wp\/v2\/product\/4423","targetHints":{"allow":["GET"]}}],"collection":[{"href":"https:\/\/therapeia-yhteiso.fi\/saatio\/wp-json\/wp\/v2\/product"}],"about":[{"href":"https:\/\/therapeia-yhteiso.fi\/saatio\/wp-json\/wp\/v2\/types\/product"}],"wp:featuredmedia":[{"embeddable":true,"href":"https:\/\/therapeia-yhteiso.fi\/saatio\/wp-json\/wp\/v2\/media\/4424"}],"wp:attachment":[{"href":"https:\/\/therapeia-yhteiso.fi\/saatio\/wp-json\/wp\/v2\/media?parent=4423"}],"wp:term":[{"taxonomy":"product_brand","embeddable":true,"href":"https:\/\/therapeia-yhteiso.fi\/saatio\/wp-json\/wp\/v2\/product_brand?post=4423"},{"taxonomy":"product_cat","embeddable":true,"href":"https:\/\/therapeia-yhteiso.fi\/saatio\/wp-json\/wp\/v2\/product_cat?post=4423"},{"taxonomy":"product_tag","embeddable":true,"href":"https:\/\/therapeia-yhteiso.fi\/saatio\/wp-json\/wp\/v2\/product_tag?post=4423"}],"curies":[{"name":"wp","href":"https:\/\/api.w.org\/{rel}","templated":true}]}}