{"id":4417,"date":"2022-02-04T13:57:20","date_gmt":"2022-02-04T11:57:20","guid":{"rendered":"http:\/\/therapeia-yhteiso.fi\/saatio\/?post_type=product&#038;p=4417"},"modified":"2025-10-13T13:10:46","modified_gmt":"2025-10-13T10:10:46","slug":"melanie-klein-mielen-mosaiikki-rakkauden-ja-vihan-kateuden-ja-kiitollisuuden-dynamiikka","status":"publish","type":"product","link":"https:\/\/therapeia-yhteiso.fi\/saatio\/tuote\/melanie-klein-mielen-mosaiikki-rakkauden-ja-vihan-kateuden-ja-kiitollisuuden-dynamiikka\/","title":{"rendered":"Mielen Mosaiikki. Rakkauden ja vihan, kateuden ja kiitollisuuden dynamiikka"},"content":{"rendered":"<p><strong>Toim. Irja Kantanen; Marja Schulman, 2022 (2. painos)<\/strong><\/p>\n<p>Melanie Klein (1882\u20131960) oli it\u00e4valtalaissyntyinen, Englannissa merkitt\u00e4v\u00e4n uran luonut psykoanalyytikko, joka aloitti aivan ensimm\u00e4isten joukossa lasten psykoanalyyttiset hoidot ja uudisti syv\u00e4llisesti psykoanalyyttista ajattelua. H\u00e4nen mukaansa varhaiset tyydytyksen ja pettymyksen kokemukset muokkaavat kokemusta hyv\u00e4st\u00e4 ja pahasta itsest\u00e4 ja toisesta. Rakkaus ja viha, syyllisyys ja suru, kateus ja kiitollisuus ja monet muut inhimilliset tunteet muodostavat monis\u00e4ikeisen tunteiden kirjon ja mielen mosaiikin, joka on vaikuttamassa ihmissuhteisiin koko el\u00e4m\u00e4n ajan. Kleinin ajattelun ytimen\u00e4 on toiveikkuus siit\u00e4, ett\u00e4 tuhon yllykkeet menett\u00e4v\u00e4t voimaansa ymm\u00e4rryksen avulla.<\/p>\n<p>Klein tutkii ihmisen koko elinkaarta imev\u00e4isi\u00e4st\u00e4 vanhuuteen. K\u00e4\u00e4nn\u00f6sartikkeleiden kokoelma sopii psykologian ja psykiatrian ammattilaisille, mutta my\u00f6s muille psykologisista ilmi\u00f6ist\u00e4 kiinnostuneille.<\/p>\n","protected":false},"excerpt":{"rendered":"<p>Toim. Irja Kantanen; Marja Schulman, 2022 (2. painos) Melanie Klein (1882\u20131960) oli it\u00e4valtalaissyntyinen, Englannissa merkitt\u00e4v\u00e4n uran luonut psykoanalyytikko, joka aloitti aivan ensimm\u00e4isten joukossa lasten psykoanalyyttiset hoidot ja uudisti syv\u00e4llisesti psykoanalyyttista ajattelua. H\u00e4nen mukaansa varhaiset tyydytyksen ja pettymyksen kokemukset muokkaavat kokemusta hyv\u00e4st\u00e4 ja pahasta itsest\u00e4 ja toisesta. Rakkaus ja viha, syyllisyys ja suru, kateus ja kiitollisuus [&hellip;]<\/p>\n","protected":false},"featured_media":4419,"template":"","meta":{"_acf_changed":false},"product_brand":[],"product_cat":[225],"product_tag":[],"class_list":{"0":"post-4417","1":"product","2":"type-product","3":"status-publish","4":"has-post-thumbnail","6":"product_cat-yleinen","8":"first","9":"instock","10":"taxable","11":"shipping-taxable","12":"purchasable","13":"product-type-simple"},"acf":[],"aioseo_notices":[],"_links":{"self":[{"href":"https:\/\/therapeia-yhteiso.fi\/saatio\/wp-json\/wp\/v2\/product\/4417","targetHints":{"allow":["GET"]}}],"collection":[{"href":"https:\/\/therapeia-yhteiso.fi\/saatio\/wp-json\/wp\/v2\/product"}],"about":[{"href":"https:\/\/therapeia-yhteiso.fi\/saatio\/wp-json\/wp\/v2\/types\/product"}],"wp:featuredmedia":[{"embeddable":true,"href":"https:\/\/therapeia-yhteiso.fi\/saatio\/wp-json\/wp\/v2\/media\/4419"}],"wp:attachment":[{"href":"https:\/\/therapeia-yhteiso.fi\/saatio\/wp-json\/wp\/v2\/media?parent=4417"}],"wp:term":[{"taxonomy":"product_brand","embeddable":true,"href":"https:\/\/therapeia-yhteiso.fi\/saatio\/wp-json\/wp\/v2\/product_brand?post=4417"},{"taxonomy":"product_cat","embeddable":true,"href":"https:\/\/therapeia-yhteiso.fi\/saatio\/wp-json\/wp\/v2\/product_cat?post=4417"},{"taxonomy":"product_tag","embeddable":true,"href":"https:\/\/therapeia-yhteiso.fi\/saatio\/wp-json\/wp\/v2\/product_tag?post=4417"}],"curies":[{"name":"wp","href":"https:\/\/api.w.org\/{rel}","templated":true}]}}