{"id":4413,"date":"2023-05-04T13:33:28","date_gmt":"2023-05-04T10:33:28","guid":{"rendered":"http:\/\/therapeia-yhteiso.fi\/saatio\/?post_type=product&#038;p=4413"},"modified":"2025-10-13T13:10:23","modified_gmt":"2025-10-13T10:10:23","slug":"kohti-mielen-eheytymista-varhain-traumatisoituneiden-lasten-ja-nuorten-psykodynaamisia-hoitoprosesseja","status":"publish","type":"product","link":"https:\/\/therapeia-yhteiso.fi\/saatio\/tuote\/kohti-mielen-eheytymista-varhain-traumatisoituneiden-lasten-ja-nuorten-psykodynaamisia-hoitoprosesseja\/","title":{"rendered":"Kohti mielen eheytymist\u00e4 &#8211; varhain traumatisoituneiden lasten ja nuorten psykodynaamisia hoitoprosesseja"},"content":{"rendered":"<p><strong>Toim. Marja Schulman ja Irja Kantanen, 2023<\/strong><\/p>\n<p>Yh\u00e4 useamman psykoterapiaa tarvitsevan lapsen varhaisissa kehitysvaiheissa on ollut vakavia laiminly\u00f6ntej\u00e4 ja traumatisoitumista. Siksi heid\u00e4n hoitonsa vaatii erityisosaamista.<\/p>\n<p>T\u00e4llaista erityisosaamista on\u00a0<i>Kohti mielen eheytymist\u00e4<\/i>-artikkelikokoelman kahdeksalla kirjoittajalla, jotka ovat Lontoon Tavistock-klinikan kokeneita lastenpsykoterapeuttiopettajia. He kaikki ovat vierailleet Suomessa luennoimassa ja kouluttamassa. Heid\u00e4n yksitoista artikkeliaan kuvaavat traumatisoituneiden lasten mielenmaisemia ja psykoterapeuttisen hoidon haasteita.<\/p>\n<p>T\u00e4t\u00e4 sis\u00e4ll\u00f6lt\u00e4\u00e4n monipuolista ja helppolukuista teosta voi l\u00e4mpim\u00e4sti suositella lastenpsykiatrian alalla ty\u00f6skentelevien ohella my\u00f6s muiden mielenterveysty\u00f6n tai sosiaalitoimen ammattilaisten k\u00e4sikirjastoon liitett\u00e4v\u00e4ksi.<\/p>\n<p><i>Jari Sinkkonen, lastenpsykiatrian dosentti, lasten- ja nuorisopsykoterapeutti<\/i><\/p>\n<p><strong>Artikkelikokoelman kirjoittajat: \u00a0<\/strong>Anne Alvarez, Louise Emanuel, Ricky Emanuel, Monica Lanyado, Jeanne Magagna, Graham Music, Margaret Rustin,<strong>\u00a0<\/strong>Margot Waddell<\/p>\n","protected":false},"excerpt":{"rendered":"<p>Toim. Marja Schulman ja Irja Kantanen, 2023 Yh\u00e4 useamman psykoterapiaa tarvitsevan lapsen varhaisissa kehitysvaiheissa on ollut vakavia laiminly\u00f6ntej\u00e4 ja traumatisoitumista. Siksi heid\u00e4n hoitonsa vaatii erityisosaamista. T\u00e4llaista erityisosaamista on\u00a0Kohti mielen eheytymist\u00e4-artikkelikokoelman kahdeksalla kirjoittajalla, jotka ovat Lontoon Tavistock-klinikan kokeneita lastenpsykoterapeuttiopettajia. He kaikki ovat vierailleet Suomessa luennoimassa ja kouluttamassa. Heid\u00e4n yksitoista artikkeliaan kuvaavat traumatisoituneiden lasten mielenmaisemia ja psykoterapeuttisen [&hellip;]<\/p>\n","protected":false},"featured_media":4414,"template":"","meta":{"_acf_changed":false},"product_brand":[],"product_cat":[225],"product_tag":[],"class_list":{"0":"post-4413","1":"product","2":"type-product","3":"status-publish","4":"has-post-thumbnail","6":"product_cat-yleinen","8":"first","9":"instock","10":"taxable","11":"shipping-taxable","12":"purchasable","13":"product-type-simple"},"acf":[],"aioseo_notices":[],"_links":{"self":[{"href":"https:\/\/therapeia-yhteiso.fi\/saatio\/wp-json\/wp\/v2\/product\/4413","targetHints":{"allow":["GET"]}}],"collection":[{"href":"https:\/\/therapeia-yhteiso.fi\/saatio\/wp-json\/wp\/v2\/product"}],"about":[{"href":"https:\/\/therapeia-yhteiso.fi\/saatio\/wp-json\/wp\/v2\/types\/product"}],"wp:featuredmedia":[{"embeddable":true,"href":"https:\/\/therapeia-yhteiso.fi\/saatio\/wp-json\/wp\/v2\/media\/4414"}],"wp:attachment":[{"href":"https:\/\/therapeia-yhteiso.fi\/saatio\/wp-json\/wp\/v2\/media?parent=4413"}],"wp:term":[{"taxonomy":"product_brand","embeddable":true,"href":"https:\/\/therapeia-yhteiso.fi\/saatio\/wp-json\/wp\/v2\/product_brand?post=4413"},{"taxonomy":"product_cat","embeddable":true,"href":"https:\/\/therapeia-yhteiso.fi\/saatio\/wp-json\/wp\/v2\/product_cat?post=4413"},{"taxonomy":"product_tag","embeddable":true,"href":"https:\/\/therapeia-yhteiso.fi\/saatio\/wp-json\/wp\/v2\/product_tag?post=4413"}],"curies":[{"name":"wp","href":"https:\/\/api.w.org\/{rel}","templated":true}]}}