{"id":4409,"date":"2025-02-04T13:13:30","date_gmt":"2025-02-04T11:13:30","guid":{"rendered":"http:\/\/therapeia-yhteiso.fi\/saatio\/?post_type=product&#038;p=4409"},"modified":"2025-10-13T13:09:13","modified_gmt":"2025-10-13T10:09:13","slug":"mentalisaatioon-perustuva-terapia-persoonallisuushairioiden-hoidossa-hoito-opas","status":"publish","type":"product","link":"https:\/\/therapeia-yhteiso.fi\/saatio\/tuote\/mentalisaatioon-perustuva-terapia-persoonallisuushairioiden-hoidossa-hoito-opas\/","title":{"rendered":"MENTALISAATIOON PERUSTUVA TERAPIA PERSOONALLISUUSH\u00c4IRI\u00d6IDEN HOIDOSSA \u2013 Hoito-opas"},"content":{"rendered":"<p><strong>Anthony Bateman and Peter Fonagy, 2024 <\/strong><\/p>\n<p>K\u00e4yt\u00e4nn\u00f6n ty\u00f6t\u00e4 ohjaava mentalisaatioterapian hoito-opas (mentalization-based treatment, MBT) esittelee, miten ep\u00e4vakaa ja ep\u00e4sosiaalinen persoonallisuush\u00e4iri\u00f6 voidaan mentalisoinnin n\u00e4k\u00f6kulmasta ymm\u00e4rt\u00e4\u00e4 ja miten mentalisoivaa mallia voidaan soveltaa n\u00e4iden h\u00e4iri\u00f6iden hoitoon. Kirjassa tarkastellaan mentalisaation viite kehyst\u00e4, mentalisaatioterapian toteuttamista sek\u00e4 ryhmien ja yhteis\u00f6jen mentalisointia. Kirja johdattaa mielenterveysalan ammattilaiset MBT-hoitomallin tavoitteisiin ja rakenteisiin sek\u00e4 siihen, miten mentalisoiva malli esitell\u00e4\u00e4n potilaille niin, ett\u00e4 se lis\u00e4\u00e4 heid\u00e4n ymm\u00e4rryst\u00e4\u00e4n persoonallisuush\u00e4iri\u00f6ist\u00e4. Kirjassa kerrotaan my\u00f6s, millainen yksil\u00f6- ja ryhm\u00e4terapian prosessi tukee vakaampaa mentalisointia.<\/p>\n<p>T\u00e4st\u00e4 hoito-oppaasta saa ohjeita siihen, miten menetell\u00e4 hoitoa vaikeuttavien mielenterveysongelmien, kuten masennuksen ja sy\u00f6mish\u00e4iri\u00f6iden hoidossa. Lis\u00e4ksi se tarjoaa tukea sosiaalisissa yhteis\u00f6iss\u00e4 ilmeneviin mentalisoinnin ongelmiin. Mukana on my\u00f6s perheille ja huoltajille suunnattu harjoittelu- ja tukiohjelma.<\/p>\n<p>T\u00e4m\u00e4 MBT-hoito-opas on nyt k\u00e4\u00e4nnetty suomeksi, sill\u00e4 kiinnostus mentalisaatioterapiaa kohtaan on viime vuosina kasvanut. MBT-hoito-ohjelmaa toteutetaan julkisessa terveydenhuollossa, ja lis\u00e4ksi monet yksityisen puolen psyko terapeutit ja muut mielenterveysalan ammattilaiset hy\u00f6dynt\u00e4v\u00e4t mentalisaatioterapian viite kehyst\u00e4 ja terapiatekniikoita vastaan otoillaan. Mentalisaatioterapialla on vakuuttava tutkimusn\u00e4ytt\u00f6, joka kasvaa jatkuvasti. MBT-hoitomalli sai A-luokan n\u00e4yt\u00f6nasteen ep\u00e4vakaan persoonallisuush\u00e4iri\u00f6n K\u00e4yp\u00e4 hoito-suosituksessa vuonna 2020.<\/p>\n","protected":false},"excerpt":{"rendered":"<p>Anthony Bateman and Peter Fonagy, 2024 K\u00e4yt\u00e4nn\u00f6n ty\u00f6t\u00e4 ohjaava mentalisaatioterapian hoito-opas (mentalization-based treatment, MBT) esittelee, miten ep\u00e4vakaa ja ep\u00e4sosiaalinen persoonallisuush\u00e4iri\u00f6 voidaan mentalisoinnin n\u00e4k\u00f6kulmasta ymm\u00e4rt\u00e4\u00e4 ja miten mentalisoivaa mallia voidaan soveltaa n\u00e4iden h\u00e4iri\u00f6iden hoitoon. Kirjassa tarkastellaan mentalisaation viite kehyst\u00e4, mentalisaatioterapian toteuttamista sek\u00e4 ryhmien ja yhteis\u00f6jen mentalisointia. Kirja johdattaa mielenterveysalan ammattilaiset MBT-hoitomallin tavoitteisiin ja rakenteisiin sek\u00e4 siihen, [&hellip;]<\/p>\n","protected":false},"featured_media":4410,"template":"","meta":{"_acf_changed":false},"product_brand":[],"product_cat":[225],"product_tag":[],"class_list":{"0":"post-4409","1":"product","2":"type-product","3":"status-publish","4":"has-post-thumbnail","6":"product_cat-yleinen","8":"first","9":"instock","10":"taxable","11":"shipping-taxable","12":"purchasable","13":"product-type-simple"},"acf":[],"aioseo_notices":[],"_links":{"self":[{"href":"https:\/\/therapeia-yhteiso.fi\/saatio\/wp-json\/wp\/v2\/product\/4409","targetHints":{"allow":["GET"]}}],"collection":[{"href":"https:\/\/therapeia-yhteiso.fi\/saatio\/wp-json\/wp\/v2\/product"}],"about":[{"href":"https:\/\/therapeia-yhteiso.fi\/saatio\/wp-json\/wp\/v2\/types\/product"}],"wp:featuredmedia":[{"embeddable":true,"href":"https:\/\/therapeia-yhteiso.fi\/saatio\/wp-json\/wp\/v2\/media\/4410"}],"wp:attachment":[{"href":"https:\/\/therapeia-yhteiso.fi\/saatio\/wp-json\/wp\/v2\/media?parent=4409"}],"wp:term":[{"taxonomy":"product_brand","embeddable":true,"href":"https:\/\/therapeia-yhteiso.fi\/saatio\/wp-json\/wp\/v2\/product_brand?post=4409"},{"taxonomy":"product_cat","embeddable":true,"href":"https:\/\/therapeia-yhteiso.fi\/saatio\/wp-json\/wp\/v2\/product_cat?post=4409"},{"taxonomy":"product_tag","embeddable":true,"href":"https:\/\/therapeia-yhteiso.fi\/saatio\/wp-json\/wp\/v2\/product_tag?post=4409"}],"curies":[{"name":"wp","href":"https:\/\/api.w.org\/{rel}","templated":true}]}}