{"id":4586,"date":"2025-06-10T16:10:13","date_gmt":"2025-06-10T13:10:13","guid":{"rendered":"https:\/\/therapeia-yhteiso.fi\/saatio\/?page_id=4586"},"modified":"2025-06-10T16:10:57","modified_gmt":"2025-06-10T13:10:57","slug":"koulutukset","status":"publish","type":"page","link":"https:\/\/therapeia-yhteiso.fi\/saatio\/koulutukset\/","title":{"rendered":"Koulutukset"},"content":{"rendered":"<div class=\"wp-block-query is-layout-flow wp-block-query-is-layout-flow\"><ul class=\"wp-block-post-template is-layout-flow wp-block-post-template-is-layout-flow\"><li class=\"wp-block-post post-4716 koulutukset type-koulutukset status-publish hentry\"><h2 class=\"wp-block-post-title\">PASTORAALIPSYKOLOGINEN PSYKOTERAPEUTTIKOULUTUS (85 op)<\/h2>\n\n<div class=\"wp-block-post-excerpt\"><p class=\"wp-block-post-excerpt__excerpt\">Pastoraalipsykologinen aikuisten yksil\u00f6psykoterapeuttikoulutus pohjautuu psykoanalyyttiseen ihmisk\u00e4sitykseen ja psykoanalyyttiseen persoonallisuusteoriaan. Koulutuksen keskeinen tavoite on psykoanalyyttisen psykoterapian menetelmien mahdollisimman syv\u00e4llinen oppiminen. Psykoanalyyttisessa persoonallisuusteoriassa keskeist\u00e4 on yksil\u00f6n mielen tiedostamattomien elementtien olemassaolo ja mielen sis\u00e4inen dynaaminen kokonaisuus. Koulutuksessa perehdyt\u00e4\u00e4n my\u00f6s ihmisen uskonnollisen ja psyykkisen el\u00e4m\u00e4n v\u00e4liseen vuorovaikutukseen sek\u00e4 psykologian ja teologian v\u00e4liseen reflektioon. Koulutus toteutetaan yhteisty\u00f6ss\u00e4 It\u00e4-Suomen yliopiston ja<\/p><p class=\"wp-block-post-excerpt__more-text\"><a class=\"wp-block-post-excerpt__more-link\" href=\"https:\/\/therapeia-yhteiso.fi\/saatio\/koulutukset\/pastoraalipsykologinen-psykoterapeuttikoulutus-85-op\/\">Lue lis\u00e4\u00e4<\/a><\/p><\/div><\/li><li class=\"wp-block-post post-4653 koulutukset type-koulutukset status-publish hentry\"><h2 class=\"wp-block-post-title\">HELSINGIN YLIOPISTON JA THERAPEIA-S\u00c4\u00c4TI\u00d6N PSYKOANALYYTTINEN AIKUISTEN YKSIL\u00d6PSYKOTERAPEUTTIKOULUTUS 2026-2030 (75 op)<\/h2>\n\n<div class=\"wp-block-post-excerpt\"><p class=\"wp-block-post-excerpt__excerpt\">Hakuaika on 20.5.-3.6.2026. Koulutuksen on tarkoitus alkaa syksyll\u00e4 2026.\u00a0 Psykoanalyyttisessa persoonallisuusteoriassa keskeist\u00e4 on yksil\u00f6n mielen tiedostamattomien elementtien olemassaolo ja mielen sis\u00e4inen dynaaminen kokonaisuus.&nbsp;Mielen eri rakenteet syntyv\u00e4t alun perin jo hyvin varhaisen tiedostamattoman vuorovaikutuksen alaisena, ja mielen kasvua ohjaavat vain osittain tietoiset vuorovaikutusprosessit. Psykoanalyyttisessa menetelm\u00e4ss\u00e4 keskeist\u00e4 on mielen rakenteiden ja tiedostamattoman dynamiikan huomioon ottaminen ja sellaisen<\/p><p class=\"wp-block-post-excerpt__more-text\"><a class=\"wp-block-post-excerpt__more-link\" href=\"https:\/\/therapeia-yhteiso.fi\/saatio\/koulutukset\/helsingin-yliopiston-ja-therapeia-saation-psykoanalyyttinen-aikuisten-yksilopsykoterapeuttikoulutus-2026-2030-75-op\/\">Lue lis\u00e4\u00e4<\/a><\/p><\/div><\/li><\/ul>\n\n\n\n<\/div>","protected":false},"excerpt":{"rendered":"","protected":false},"author":1,"featured_media":0,"parent":0,"menu_order":0,"comment_status":"closed","ping_status":"closed","template":"","meta":{"_acf_changed":false,"footnotes":""},"class_list":["post-4586","page","type-page","status-publish","hentry"],"acf":[],"aioseo_notices":[],"_links":{"self":[{"href":"https:\/\/therapeia-yhteiso.fi\/saatio\/wp-json\/wp\/v2\/pages\/4586","targetHints":{"allow":["GET"]}}],"collection":[{"href":"https:\/\/therapeia-yhteiso.fi\/saatio\/wp-json\/wp\/v2\/pages"}],"about":[{"href":"https:\/\/therapeia-yhteiso.fi\/saatio\/wp-json\/wp\/v2\/types\/page"}],"author":[{"embeddable":true,"href":"https:\/\/therapeia-yhteiso.fi\/saatio\/wp-json\/wp\/v2\/users\/1"}],"replies":[{"embeddable":true,"href":"https:\/\/therapeia-yhteiso.fi\/saatio\/wp-json\/wp\/v2\/comments?post=4586"}],"version-history":[{"count":2,"href":"https:\/\/therapeia-yhteiso.fi\/saatio\/wp-json\/wp\/v2\/pages\/4586\/revisions"}],"predecessor-version":[{"id":4588,"href":"https:\/\/therapeia-yhteiso.fi\/saatio\/wp-json\/wp\/v2\/pages\/4586\/revisions\/4588"}],"wp:attachment":[{"href":"https:\/\/therapeia-yhteiso.fi\/saatio\/wp-json\/wp\/v2\/media?parent=4586"}],"curies":[{"name":"wp","href":"https:\/\/api.w.org\/{rel}","templated":true}]}}