{"id":4352,"date":"2025-02-04T12:41:09","date_gmt":"2025-02-04T10:41:09","guid":{"rendered":"http:\/\/therapeia-yhteiso.fi\/saatio\/ostoskori\/"},"modified":"2025-03-17T09:31:00","modified_gmt":"2025-03-17T07:31:00","slug":"ostoskori","status":"publish","type":"page","link":"https:\/\/therapeia-yhteiso.fi\/saatio\/ostoskori\/","title":{"rendered":"Ostoskori"},"content":{"rendered":"<div data-block-name=\"woocommerce\/cart\" class=\"wp-block-woocommerce-cart alignwide is-loading\"><div data-block-name=\"woocommerce\/filled-cart-block\" class=\"wp-block-woocommerce-filled-cart-block\"><div data-block-name=\"woocommerce\/cart-items-block\" class=\"wp-block-woocommerce-cart-items-block\"><div data-block-name=\"woocommerce\/cart-line-items-block\" class=\"wp-block-woocommerce-cart-line-items-block\"><\/div>\n\n<div data-block-name=\"woocommerce\/cart-cross-sells-block\" class=\"wp-block-woocommerce-cart-cross-sells-block\"><h2 class=\"wp-block-heading has-large-font-size\">Saatat olla kiinnostunut my\u00f6s&#8230;<\/h2>\n\n<div data-block-name=\"woocommerce\/cart-cross-sells-products-block\" class=\"wp-block-woocommerce-cart-cross-sells-products-block\"><\/div><\/div><\/div>\n\n<div data-block-name=\"woocommerce\/cart-totals-block\" class=\"wp-block-woocommerce-cart-totals-block\"><div data-block-name=\"woocommerce\/cart-order-summary-block\" class=\"wp-block-woocommerce-cart-order-summary-block\"><div data-block-name=\"woocommerce\/cart-order-summary-heading-block\" class=\"wp-block-woocommerce-cart-order-summary-heading-block\"><\/div><div data-block-name=\"woocommerce\/cart-order-summary-coupon-form-block\" class=\"wp-block-woocommerce-cart-order-summary-coupon-form-block\"><\/div><div data-block-name=\"woocommerce\/cart-order-summary-totals-block\" class=\"wp-block-woocommerce-cart-order-summary-totals-block\">\n<div data-block-name=\"woocommerce\/cart-order-summary-subtotal-block\" class=\"wp-block-woocommerce-cart-order-summary-subtotal-block\"><\/div>\n<div data-block-name=\"woocommerce\/cart-order-summary-discount-block\" class=\"wp-block-woocommerce-cart-order-summary-discount-block\"><\/div>\n<div data-block-name=\"woocommerce\/cart-order-summary-fee-block\" class=\"wp-block-woocommerce-cart-order-summary-fee-block\"><\/div>\n<div data-block-name=\"woocommerce\/cart-order-summary-shipping-block\" class=\"wp-block-woocommerce-cart-order-summary-shipping-block\"><\/div>\n<div data-block-name=\"woocommerce\/cart-order-summary-taxes-block\" class=\"wp-block-woocommerce-cart-order-summary-taxes-block\"><\/div><\/div><\/div>\n\n<div data-block-name=\"woocommerce\/cart-express-payment-block\" class=\"wp-block-woocommerce-cart-express-payment-block\"><\/div>\n\n<div data-block-name=\"woocommerce\/proceed-to-checkout-block\" class=\"wp-block-woocommerce-proceed-to-checkout-block\"><\/div>\n\n<div data-block-name=\"woocommerce\/cart-accepted-payment-methods-block\" class=\"wp-block-woocommerce-cart-accepted-payment-methods-block\"><\/div><\/div><\/div>\n\n<div data-block-name=\"woocommerce\/empty-cart-block\" class=\"wp-block-woocommerce-empty-cart-block\"><h2 class=\"wp-block-heading has-text-align-center with-empty-cart-icon wc-block-cart__empty-cart__title\">Ostoskorisi on tyhj\u00e4!<\/h2>\n\n<hr class=\"wp-block-separator has-alpha-channel-opacity is-style-dots\"\/>\n\n<h2 class=\"wp-block-heading has-text-align-center\">Uutta kaupassa<\/h2>\n\n<div data-block-name=\"woocommerce\/product-new\" data-columns=\"4\" data-rows=\"1\" class=\"wc-block-grid wp-block-product-new wp-block-woocommerce-product-new wc-block-product-new has-4-columns\"><ul class=\"wc-block-grid__products\"><li class=\"wc-block-grid__product\">\n\t\t\t\t<a href=\"https:\/\/therapeia-yhteiso.fi\/saatio\/tuote\/mentalisaatioon-perustuva-terapia-persoonallisuushairioiden-hoidossa-hoito-opas\/\" class=\"wc-block-grid__product-link\">\n\t\t\t\t\t\n\t\t\t\t\t<div class=\"wc-block-grid__product-image\"><img loading=\"lazy\" decoding=\"async\" width=\"300\" height=\"450\" src=\"https:\/\/therapeia-yhteiso.fi\/saatio\/wp-content\/uploads\/sites\/2\/2025\/02\/mentalisaatioon-perustava-terapia-persoonallisuushairioiden-hoidossa-300x450.png\" class=\"attachment-woocommerce_thumbnail size-woocommerce_thumbnail\" alt=\"MENTALISAATIOON PERUSTUVA TERAPIA PERSOONALLISUUSH\u00c4IRI\u00d6IDEN HOIDOSSA \u2013 Hoito-opas\" \/><\/div>\n\t\t\t\t\t<div class=\"wc-block-grid__product-title\">MENTALISAATIOON PERUSTUVA TERAPIA PERSOONALLISUUSH\u00c4IRI\u00d6IDEN HOIDOSSA \u2013 Hoito-opas<\/div>\n\t\t\t\t<\/a>\n\t\t\t\t<div class=\"wc-block-grid__product-price price\"><span class=\"woocommerce-Price-amount amount\">86,00&nbsp;<span class=\"woocommerce-Price-currencySymbol\">&euro;<\/span><\/span><\/div>\n\t\t\t\t\n\t\t\t\t<div class=\"wp-block-button wc-block-grid__product-add-to-cart\"><a href=\"?add-to-cart=4409\" aria-label=\"Lis\u00e4\u00e4 ostoskoriin: &ldquo;MENTALISAATIOON PERUSTUVA TERAPIA PERSOONALLISUUSH\u00c4IRI\u00d6IDEN HOIDOSSA \u2013 Hoito-opas&rdquo;\" data-quantity=\"1\" data-product_id=\"4409\" data-product_sku=\"\" data-price=\"86\" rel=\"nofollow\" class=\"wp-block-button__link  add_to_cart_button ajax_add_to_cart\">Lis\u00e4\u00e4 ostoskoriin<\/a><\/div>\n\t\t\t<\/li><li class=\"wc-block-grid__product\">\n\t\t\t\t<a href=\"https:\/\/therapeia-yhteiso.fi\/saatio\/tuote\/elavat-hetket-psykoanalyysissa-tulkinnan-taito\/\" class=\"wc-block-grid__product-link\">\n\t\t\t\t\t\n\t\t\t\t\t<div class=\"wc-block-grid__product-image\"><img loading=\"lazy\" decoding=\"async\" width=\"300\" height=\"450\" src=\"https:\/\/therapeia-yhteiso.fi\/saatio\/wp-content\/uploads\/sites\/2\/2025\/02\/etukansi-elavat-hetket-300x450.jpg\" class=\"attachment-woocommerce_thumbnail size-woocommerce_thumbnail\" alt=\"EL\u00c4V\u00c4T HETKET PSYKOANALYYSISSA \u2013 Tulkinnan taito\" \/><\/div>\n\t\t\t\t\t<div class=\"wc-block-grid__product-title\">EL\u00c4V\u00c4T HETKET PSYKOANALYYSISSA \u2013 Tulkinnan taito<\/div>\n\t\t\t\t<\/a>\n\t\t\t\t<div class=\"wc-block-grid__product-price price\"><span class=\"woocommerce-Price-amount amount\">57,00&nbsp;<span class=\"woocommerce-Price-currencySymbol\">&euro;<\/span><\/span><\/div>\n\t\t\t\t\n\t\t\t\t<div class=\"wp-block-button wc-block-grid__product-add-to-cart\"><a href=\"?add-to-cart=4407\" aria-label=\"Lis\u00e4\u00e4 ostoskoriin: &ldquo;EL\u00c4V\u00c4T HETKET PSYKOANALYYSISSA \u2013 Tulkinnan taito&rdquo;\" data-quantity=\"1\" data-product_id=\"4407\" data-product_sku=\"\" data-price=\"57\" rel=\"nofollow\" class=\"wp-block-button__link  add_to_cart_button ajax_add_to_cart\">Lis\u00e4\u00e4 ostoskoriin<\/a><\/div>\n\t\t\t<\/li><li class=\"wc-block-grid__product\">\n\t\t\t\t<a href=\"https:\/\/therapeia-yhteiso.fi\/saatio\/tuote\/kohti-mielen-eheytymista-varhain-traumatisoituneiden-lasten-ja-nuorten-psykodynaamisia-hoitoprosesseja\/\" class=\"wc-block-grid__product-link\">\n\t\t\t\t\t\n\t\t\t\t\t<div class=\"wc-block-grid__product-image\"><img loading=\"lazy\" decoding=\"async\" width=\"300\" height=\"450\" src=\"https:\/\/therapeia-yhteiso.fi\/saatio\/wp-content\/uploads\/sites\/2\/2025\/02\/etukansi-kohti-mielen-eheytymista-300x450.jpg\" class=\"attachment-woocommerce_thumbnail size-woocommerce_thumbnail\" alt=\"Kohti mielen eheytymist\u00e4 - varhain traumatisoituneiden lasten ja nuorten psykodynaamisia hoitoprosesseja\" srcset=\"https:\/\/therapeia-yhteiso.fi\/saatio\/wp-content\/uploads\/sites\/2\/2025\/02\/etukansi-kohti-mielen-eheytymista-300x450.jpg 300w, https:\/\/therapeia-yhteiso.fi\/saatio\/wp-content\/uploads\/sites\/2\/2025\/02\/etukansi-kohti-mielen-eheytymista-199x300.jpg 199w\" sizes=\"auto, (max-width: 300px) 100vw, 300px\" \/><\/div>\n\t\t\t\t\t<div class=\"wc-block-grid__product-title\">Kohti mielen eheytymist\u00e4 &#8211; varhain traumatisoituneiden lasten ja nuorten psykodynaamisia hoitoprosesseja<\/div>\n\t\t\t\t<\/a>\n\t\t\t\t<div class=\"wc-block-grid__product-price price\"><span class=\"woocommerce-Price-amount amount\">61,00&nbsp;<span class=\"woocommerce-Price-currencySymbol\">&euro;<\/span><\/span><\/div>\n\t\t\t\t\n\t\t\t\t<div class=\"wp-block-button wc-block-grid__product-add-to-cart\"><a href=\"?add-to-cart=4413\" aria-label=\"Lis\u00e4\u00e4 ostoskoriin: &ldquo;Kohti mielen eheytymist\u00e4 - varhain traumatisoituneiden lasten ja nuorten psykodynaamisia hoitoprosesseja&rdquo;\" data-quantity=\"1\" data-product_id=\"4413\" data-product_sku=\"\" data-price=\"61\" rel=\"nofollow\" class=\"wp-block-button__link  add_to_cart_button ajax_add_to_cart\">Lis\u00e4\u00e4 ostoskoriin<\/a><\/div>\n\t\t\t<\/li><li class=\"wc-block-grid__product\">\n\t\t\t\t<a href=\"https:\/\/therapeia-yhteiso.fi\/saatio\/tuote\/melanie-klein-mielen-mosaiikki-rakkauden-ja-vihan-kateuden-ja-kiitollisuuden-dynamiikka\/\" class=\"wc-block-grid__product-link\">\n\t\t\t\t\t\n\t\t\t\t\t<div class=\"wc-block-grid__product-image\"><img loading=\"lazy\" decoding=\"async\" width=\"300\" height=\"450\" src=\"https:\/\/therapeia-yhteiso.fi\/saatio\/wp-content\/uploads\/sites\/2\/2025\/02\/eac44c71be8b4db89d4667f92ee1a1cd9789525519334-1-300x450.webp\" class=\"attachment-woocommerce_thumbnail size-woocommerce_thumbnail\" alt=\"Mielen Mosaiikki. Rakkauden ja vihan, kateuden ja kiitollisuuden dynamiikka\" srcset=\"https:\/\/therapeia-yhteiso.fi\/saatio\/wp-content\/uploads\/sites\/2\/2025\/02\/eac44c71be8b4db89d4667f92ee1a1cd9789525519334-1-300x450.webp 300w, https:\/\/therapeia-yhteiso.fi\/saatio\/wp-content\/uploads\/sites\/2\/2025\/02\/eac44c71be8b4db89d4667f92ee1a1cd9789525519334-1-400x601.webp 400w, https:\/\/therapeia-yhteiso.fi\/saatio\/wp-content\/uploads\/sites\/2\/2025\/02\/eac44c71be8b4db89d4667f92ee1a1cd9789525519334-1-200x300.webp 200w, https:\/\/therapeia-yhteiso.fi\/saatio\/wp-content\/uploads\/sites\/2\/2025\/02\/eac44c71be8b4db89d4667f92ee1a1cd9789525519334-1.webp 669w\" sizes=\"auto, (max-width: 300px) 100vw, 300px\" \/><\/div>\n\t\t\t\t\t<div class=\"wc-block-grid__product-title\">Mielen Mosaiikki. Rakkauden ja vihan, kateuden ja kiitollisuuden dynamiikka<\/div>\n\t\t\t\t<\/a>\n\t\t\t\t<div class=\"wc-block-grid__product-price price\"><span class=\"woocommerce-Price-amount amount\">57,00&nbsp;<span class=\"woocommerce-Price-currencySymbol\">&euro;<\/span><\/span><\/div>\n\t\t\t\t\n\t\t\t\t<div class=\"wp-block-button wc-block-grid__product-add-to-cart\"><a href=\"?add-to-cart=4417\" aria-label=\"Lis\u00e4\u00e4 ostoskoriin: &ldquo;Mielen Mosaiikki. Rakkauden ja vihan, kateuden ja kiitollisuuden dynamiikka&rdquo;\" data-quantity=\"1\" data-product_id=\"4417\" data-product_sku=\"\" data-price=\"57\" rel=\"nofollow\" class=\"wp-block-button__link  add_to_cart_button ajax_add_to_cart\">Lis\u00e4\u00e4 ostoskoriin<\/a><\/div>\n\t\t\t<\/li><\/ul><\/div><\/div><\/div>","protected":false},"excerpt":{"rendered":"","protected":false},"author":1,"featured_media":0,"parent":0,"menu_order":999,"comment_status":"closed","ping_status":"closed","template":"","meta":{"_acf_changed":false,"footnotes":""},"class_list":["post-4352","page","type-page","status-publish","hentry"],"acf":[],"aioseo_notices":[],"_links":{"self":[{"href":"https:\/\/therapeia-yhteiso.fi\/saatio\/wp-json\/wp\/v2\/pages\/4352","targetHints":{"allow":["GET"]}}],"collection":[{"href":"https:\/\/therapeia-yhteiso.fi\/saatio\/wp-json\/wp\/v2\/pages"}],"about":[{"href":"https:\/\/therapeia-yhteiso.fi\/saatio\/wp-json\/wp\/v2\/types\/page"}],"author":[{"embeddable":true,"href":"https:\/\/therapeia-yhteiso.fi\/saatio\/wp-json\/wp\/v2\/users\/1"}],"replies":[{"embeddable":true,"href":"https:\/\/therapeia-yhteiso.fi\/saatio\/wp-json\/wp\/v2\/comments?post=4352"}],"version-history":[{"count":1,"href":"https:\/\/therapeia-yhteiso.fi\/saatio\/wp-json\/wp\/v2\/pages\/4352\/revisions"}],"predecessor-version":[{"id":4406,"href":"https:\/\/therapeia-yhteiso.fi\/saatio\/wp-json\/wp\/v2\/pages\/4352\/revisions\/4406"}],"wp:attachment":[{"href":"https:\/\/therapeia-yhteiso.fi\/saatio\/wp-json\/wp\/v2\/media?parent=4352"}],"curies":[{"name":"wp","href":"https:\/\/api.w.org\/{rel}","templated":true}]}}