{"id":4246,"date":"2024-11-11T08:46:23","date_gmt":"2024-11-11T06:46:23","guid":{"rendered":"http:\/\/therapeia-yhteiso.fi\/psykoterapia-lehti\/?page_id=4246"},"modified":"2025-04-16T12:55:20","modified_gmt":"2025-04-16T09:55:20","slug":"mediakortti","status":"publish","type":"page","link":"https:\/\/therapeia-yhteiso.fi\/psykoterapia-lehti\/mediakortti\/","title":{"rendered":"Mediakortti"},"content":{"rendered":"\n<p>Psykoterapia on Therapeia-s\u00e4\u00e4ti\u00f6n ja Therapeia-yhdistyksen julkaisema aikakauslehti alan ammattilaisille ja psykoanalyyttisesta n\u00e4k\u00f6kulmasta kiinnostuneille.<\/p>\n\n\n\n<p>Painosm\u00e4\u00e4r\u00e4 1350 kappaletta.<\/p>\n\n\n\n<p>Lehti ilmestyy 4 kertaa vuodessa.<\/p>\n\n\n\n<p>Ilmestymisajankohdat; ilmoitusten j\u00e4tt\u00f6aika kuusi viikkoa aiemmin:<\/p>\n\n\n\n<p>1. nro 28.2.<br>2. nro 31.5.<br>3. nro 30.9.<br>4. nro 30.11.<\/p>\n\n\n\n<p>Ilmoitukset l\u00e4hetet\u00e4\u00e4n toimitussihteerille mieluiten s\u00e4hk\u00f6postin liitteen\u00e4.<\/p>\n\n\n\n<p>Ilmoitusten hinnat: 1\/1 sivua 460 euroa, 1\/2 sivua 270 euroa, 1\/4 sivua 160 euroa. Hintoihin sis\u00e4ltyy alv.<\/p>\n\n\n\n<p>Painopinta-ala: palstan koko 70 x 200 mm, kahden palstan yhteenlaskettu leveys 140 mm, koko sivun painopinta-ala 140 x 200 mm.<\/p>\n\n\n\n<p>Toimituksen postiosoite: Topeliuksenkatu 15 A 1, 00250 Helsinki.<\/p>\n\n\n\n<p>Painopaikka: Hermes Oy, Tampere.<\/p>\n","protected":false},"excerpt":{"rendered":"<p>Psykoterapia on Therapeia-s\u00e4\u00e4ti\u00f6n ja Therapeia-yhdistyksen julkaisema aikakauslehti alan ammattilaisille ja psykoanalyyttisesta n\u00e4k\u00f6kulmasta kiinnostuneille. Painosm\u00e4\u00e4r\u00e4 1350 kappaletta. Lehti ilmestyy 4 kertaa vuodessa. Ilmestymisajankohdat; ilmoitusten j\u00e4tt\u00f6aika kuusi viikkoa aiemmin: 1. nro 28.2.2. nro 31.5.3. nro 30.9.4. nro 30.11. Ilmoitukset l\u00e4hetet\u00e4\u00e4n toimitussihteerille mieluiten s\u00e4hk\u00f6postin liitteen\u00e4. Ilmoitusten hinnat: 1\/1 sivua 460 euroa, 1\/2 sivua 270 euroa, 1\/4 sivua 160 [&hellip;]<\/p>\n","protected":false},"author":1,"featured_media":0,"parent":0,"menu_order":2,"comment_status":"closed","ping_status":"closed","template":"","meta":{"_acf_changed":false,"footnotes":""},"class_list":["post-4246","page","type-page","status-publish","hentry"],"acf":[],"aioseo_notices":[],"_links":{"self":[{"href":"https:\/\/therapeia-yhteiso.fi\/psykoterapia-lehti\/wp-json\/wp\/v2\/pages\/4246","targetHints":{"allow":["GET"]}}],"collection":[{"href":"https:\/\/therapeia-yhteiso.fi\/psykoterapia-lehti\/wp-json\/wp\/v2\/pages"}],"about":[{"href":"https:\/\/therapeia-yhteiso.fi\/psykoterapia-lehti\/wp-json\/wp\/v2\/types\/page"}],"author":[{"embeddable":true,"href":"https:\/\/therapeia-yhteiso.fi\/psykoterapia-lehti\/wp-json\/wp\/v2\/users\/1"}],"replies":[{"embeddable":true,"href":"https:\/\/therapeia-yhteiso.fi\/psykoterapia-lehti\/wp-json\/wp\/v2\/comments?post=4246"}],"version-history":[{"count":1,"href":"https:\/\/therapeia-yhteiso.fi\/psykoterapia-lehti\/wp-json\/wp\/v2\/pages\/4246\/revisions"}],"predecessor-version":[{"id":4247,"href":"https:\/\/therapeia-yhteiso.fi\/psykoterapia-lehti\/wp-json\/wp\/v2\/pages\/4246\/revisions\/4247"}],"wp:attachment":[{"href":"https:\/\/therapeia-yhteiso.fi\/psykoterapia-lehti\/wp-json\/wp\/v2\/media?parent=4246"}],"curies":[{"name":"wp","href":"https:\/\/api.w.org\/{rel}","templated":true}]}}